{"id":11,"date":"2014-02-02T18:29:17","date_gmt":"2014-02-02T18:29:17","guid":{"rendered":"http:\/\/localhost\/wordpress\/?page_id=11"},"modified":"2015-09-19T16:49:59","modified_gmt":"2015-09-19T14:49:59","slug":"welcome","status":"publish","type":"page","link":"https:\/\/camillepaoletti.org\/fr\/","title":{"rendered":"Welcome!"},"content":{"rendered":"<p><\/p>\n<table style=\"margin-left: auto; margin-right: auto;\">\n<tbody>\n<tr>\n<td style=\"width: 250px; height: 220px;\"><a class=\"toggle\" title=\"CV \/ Contact\" href=\"http:\/\/camillepaoletti.org\/contact-me\/?lang=fr\"><img loading=\"lazy\" class=\"wp-image-203 aligncenter\" src=\"http:\/\/camillepaoletti.org\/wp-content\/uploads\/2014\/02\/contact-frame.png\" alt=\"contact\" width=\"200\" height=\"200\" \/><img loading=\"lazy\" class=\"wp-image-203 aligncenter\" style=\"display: none;\" src=\"http:\/\/camillepaoletti.org\/wp-content\/uploads\/2014\/02\/contact-frame-couleur.png\" alt=\"contact\" width=\"200\" height=\"200\" \/><\/a><\/td>\n<td style=\"width: 250px; height: 220px;\"><a class=\"toggle\" href=\"http:\/\/camillepaoletti.org\/my-research\/?lang=fr\"><img loading=\"lazy\" class=\"wp-image-203 aligncenter\" src=\"http:\/\/camillepaoletti.org\/wp-content\/uploads\/2014\/02\/research-frame.png\" alt=\"research\" width=\"200\" height=\"200\" \/><img loading=\"lazy\" class=\"wp-image-203 aligncenter\" style=\"display: none;\" src=\"http:\/\/camillepaoletti.org\/wp-content\/uploads\/2014\/02\/research-frame-couleur.png\" alt=\"research\" width=\"200\" height=\"200\" \/><\/a><\/td>\n<td style=\"width: 250px; height: 220px;\"><a class=\"toggle\" href=\"http:\/\/camillepaoletti.org\/publications\/?lang=fr\"><img loading=\"lazy\" class=\"wp-image-203 aligncenter\" src=\"http:\/\/camillepaoletti.org\/wp-content\/uploads\/2014\/02\/publication-frame.png\" alt=\"publications\" width=\"200\" height=\"200\" \/><img loading=\"lazy\" class=\"wp-image-203 aligncenter\" style=\"display: none;\" src=\"http:\/\/camillepaoletti.org\/wp-content\/uploads\/2014\/02\/publication-frame-couleur.png\" alt=\"publications\" width=\"200\" height=\"200\" \/><\/a><\/td>\n<\/tr>\n<tr>\n<td style=\"width: 250px; height: 220px;\"><a class=\"toggle\" href=\"http:\/\/camillepaoletti.org\/scientific-outreach\/?lang=fr\"><img loading=\"lazy\" class=\"wp-image-203 aligncenter\" src=\"http:\/\/camillepaoletti.org\/wp-content\/uploads\/2014\/02\/scienceOutreach-frame.png\" alt=\"science outreach\" width=\"200\" height=\"200\" \/><img loading=\"lazy\" class=\"wp-image-203 aligncenter\" style=\"display: none;\" src=\"http:\/\/camillepaoletti.org\/wp-content\/uploads\/2014\/02\/scienceOutreach-frame-couleur.png\" alt=\"science outreach\" width=\"200\" height=\"200\" \/><\/a><\/td>\n<td style=\"width: 250px; height: 220px;\"><a class=\"toggle\" href=\"http:\/\/camillepaoletti.org\/teaching\/?lang=fr\"><img loading=\"lazy\" class=\"wp-image-203 aligncenter\" src=\"http:\/\/camillepaoletti.org\/wp-content\/uploads\/2014\/02\/teaching-frame.png\" alt=\"teaching\" width=\"200\" height=\"200\" \/><img loading=\"lazy\" class=\"wp-image-203 aligncenter\" style=\"display: none;\" src=\"http:\/\/camillepaoletti.org\/wp-content\/uploads\/2014\/02\/teaching-frame-couleur.png\" alt=\"teaching\" width=\"200\" height=\"200\" \/><\/a><\/td>\n<td style=\"width: 250px; height: 220px;\"><a class=\"toggle\" href=\"http:\/\/camillepaoletti.org\/ptits-illumines\/?lang=fr\"><img loading=\"lazy\" class=\"wp-image-203 aligncenter\" src=\"http:\/\/camillepaoletti.org\/wp-content\/uploads\/2014\/02\/illu-frame.png\" alt=\"les ptits illumin\u00e9s\" width=\"200\" height=\"200\" \/><img loading=\"lazy\" class=\"wp-image-203 aligncenter\" style=\"display: none;\" src=\"http:\/\/camillepaoletti.org\/wp-content\/uploads\/2014\/02\/illu-frame-couleur.png\" alt=\"les ptits illumin\u00e9s\" width=\"200\" height=\"200\" \/><\/a><\/td>\n<\/tr>\n<tr>\n<td style=\"width: 250px; height: 220px; text-align: center;\" colspan=\"3\">Ma th\u00e8se en 184 secondes :<br \/>\n<br \/>\n<iframe loading=\"lazy\" src=\"\/\/www.youtube.com\/embed\/2Q1u4itnKjc\" width=\"425\" height=\"350\"><\/iframe><br \/>\n<br \/>\net oui, j&rsquo;aurais \u00e9t\u00e9 disqualifi\u00e9e :p<br \/>\n<br \/>\nSous-titres fran\u00e7ais et anglais d\u00e9sormais disponibles !<\/td>\n<\/tr>\n<\/tbody>\n<\/table>\n<p><script type=\"text\/javascript\">\/\/ <![CDATA[\njQuery('.toggle').hover(function(){jQuery(this).children().toggle();});\n\/\/ ]]><\/script><\/p>","protected":false},"excerpt":{"rendered":"<p>Ma th\u00e8se en 184 secondes : et oui, j&rsquo;aurais \u00e9t\u00e9 disqualifi\u00e9e :p Sous-titres fran\u00e7ais et anglais d\u00e9sormais disponibles !<\/p>\n","protected":false},"author":1,"featured_media":0,"parent":0,"menu_order":0,"comment_status":"open","ping_status":"open","template":"","meta":[],"_links":{"self":[{"href":"https:\/\/camillepaoletti.org\/fr\/wp-json\/wp\/v2\/pages\/11"}],"collection":[{"href":"https:\/\/camillepaoletti.org\/fr\/wp-json\/wp\/v2\/pages"}],"about":[{"href":"https:\/\/camillepaoletti.org\/fr\/wp-json\/wp\/v2\/types\/page"}],"author":[{"embeddable":true,"href":"https:\/\/camillepaoletti.org\/fr\/wp-json\/wp\/v2\/users\/1"}],"replies":[{"embeddable":true,"href":"https:\/\/camillepaoletti.org\/fr\/wp-json\/wp\/v2\/comments?post=11"}],"version-history":[{"count":11,"href":"https:\/\/camillepaoletti.org\/fr\/wp-json\/wp\/v2\/pages\/11\/revisions"}],"predecessor-version":[{"id":758,"href":"https:\/\/camillepaoletti.org\/fr\/wp-json\/wp\/v2\/pages\/11\/revisions\/758"}],"wp:attachment":[{"href":"https:\/\/camillepaoletti.org\/fr\/wp-json\/wp\/v2\/media?parent=11"}],"curies":[{"name":"wp","href":"https:\/\/api.w.org\/{rel}","templated":true}]}}