{"id":712,"date":"2015-06-25T12:49:39","date_gmt":"2015-06-25T10:49:39","guid":{"rendered":"http:\/\/camillepaoletti.org\/?page_id=712"},"modified":"2016-04-06T11:47:11","modified_gmt":"2016-04-06T09:47:11","slug":"fashion-design","status":"publish","type":"page","link":"http:\/\/camillepaoletti.org\/fr\/fashion-design\/","title":{"rendered":"Couture"},"content":{"rendered":"<p><\/p>\n<table style=\"height: 1010px;\" border=\"0\" width=\"3300\" cellspacing=\"20\" cellpadding=\"0\">\n<tbody>\n<tr>\n<td style=\"width: 420px; text-align: left; vertical-align: top;\">Une petite guirlande de fanions pour apprendre \u00e0 \u00e9crire son nom ! Les lettres de coton sont doubl\u00e9es en tulle pour un effet rugueux. Esp\u00e9rons qu&rsquo;elles plairont \ud83d\ude42<\/p>\n<p><a href=\"http:\/\/camillepaoletti.org\/wp-content\/uploads\/2016\/04\/fanions-leo-guirlande-small.jpg\"><img loading=\"lazy\" class=\"alignnone size-full wp-image-896\" src=\"http:\/\/camillepaoletti.org\/wp-content\/uploads\/2016\/04\/fanions-leo-guirlande-small.jpg\" alt=\"fanions-leo-guirlande-small\" width=\"420\" height=\"279\" srcset=\"http:\/\/camillepaoletti.org\/wp-content\/uploads\/2016\/04\/fanions-leo-guirlande-small.jpg 420w, http:\/\/camillepaoletti.org\/wp-content\/uploads\/2016\/04\/fanions-leo-guirlande-small-300x199.jpg 300w\" sizes=\"(max-width: 420px) 100vw, 420px\" \/><\/a><\/p>\n<p><a href=\"http:\/\/camillepaoletti.org\/wp-content\/uploads\/2016\/04\/fanions-leo-pochette-small.jpg\"><img loading=\"lazy\" class=\"alignnone size-full wp-image-900\" src=\"http:\/\/camillepaoletti.org\/wp-content\/uploads\/2016\/04\/fanions-leo-pochette-small.jpg\" alt=\"fanions-leo-pochette-small\" width=\"420\" height=\"279\" srcset=\"http:\/\/camillepaoletti.org\/wp-content\/uploads\/2016\/04\/fanions-leo-pochette-small.jpg 420w, http:\/\/camillepaoletti.org\/wp-content\/uploads\/2016\/04\/fanions-leo-pochette-small-300x199.jpg 300w\" sizes=\"(max-width: 420px) 100vw, 420px\" \/><\/a><\/p>\n<p><a href=\"http:\/\/camillepaoletti.org\/wp-content\/uploads\/2016\/04\/fanions-leo-zoom-pochette-small.jpg\"><img loading=\"lazy\" class=\"alignnone size-full wp-image-902\" src=\"http:\/\/camillepaoletti.org\/wp-content\/uploads\/2016\/04\/fanions-leo-zoom-pochette-small.jpg\" alt=\"fanions-leo-zoom-pochette-small\" width=\"420\" height=\"279\" srcset=\"http:\/\/camillepaoletti.org\/wp-content\/uploads\/2016\/04\/fanions-leo-zoom-pochette-small.jpg 420w, http:\/\/camillepaoletti.org\/wp-content\/uploads\/2016\/04\/fanions-leo-zoom-pochette-small-300x199.jpg 300w\" sizes=\"(max-width: 420px) 100vw, 420px\" \/><\/a><\/td>\n<td style=\"width: 420px; text-align: left; vertical-align: top;\"><a href=\"http:\/\/camillepaoletti.org\/wp-content\/uploads\/2016\/04\/fanions-leo-zoom-lettres-small.jpg\"><img loading=\"lazy\" class=\"alignnone size-full wp-image-901\" src=\"http:\/\/camillepaoletti.org\/wp-content\/uploads\/2016\/04\/fanions-leo-zoom-lettres-small.jpg\" alt=\"fanions-leo-zoom-lettres-small\" width=\"420\" height=\"279\" srcset=\"http:\/\/camillepaoletti.org\/wp-content\/uploads\/2016\/04\/fanions-leo-zoom-lettres-small.jpg 420w, http:\/\/camillepaoletti.org\/wp-content\/uploads\/2016\/04\/fanions-leo-zoom-lettres-small-300x199.jpg 300w\" sizes=\"(max-width: 420px) 100vw, 420px\" \/><\/a><\/p>\n<p><a href=\"http:\/\/camillepaoletti.org\/wp-content\/uploads\/2016\/04\/fanions-leo-lettres-small.jpg\"><img loading=\"lazy\" class=\"alignnone size-full wp-image-899\" src=\"http:\/\/camillepaoletti.org\/wp-content\/uploads\/2016\/04\/fanions-leo-lettres-small.jpg\" alt=\"fanions-leo-lettres-small\" width=\"420\" height=\"279\" srcset=\"http:\/\/camillepaoletti.org\/wp-content\/uploads\/2016\/04\/fanions-leo-lettres-small.jpg 420w, http:\/\/camillepaoletti.org\/wp-content\/uploads\/2016\/04\/fanions-leo-lettres-small-300x199.jpg 300w\" sizes=\"(max-width: 420px) 100vw, 420px\" \/><\/a><\/p>\n<p>N&rsquo;h\u00e9sitez pas \u00e0 me contacter si vous souhaitez patrons et\/ou astuces pour ce projet !<\/td>\n<td style=\"width: 420px; text-align: left; vertical-align: top;\">Petit set \u00e0 langer de voyage pour la plus chouette des poussinettes !<\/p>\n<p><a href=\"http:\/\/camillepaoletti.org\/wp-content\/uploads\/2016\/04\/matelas-plie-small.jpg\"><img loading=\"lazy\" class=\"alignnone size-full wp-image-913\" src=\"http:\/\/camillepaoletti.org\/wp-content\/uploads\/2016\/04\/matelas-plie-small.jpg\" alt=\"matelas-plie-small\" width=\"420\" height=\"279\" srcset=\"http:\/\/camillepaoletti.org\/wp-content\/uploads\/2016\/04\/matelas-plie-small.jpg 420w, http:\/\/camillepaoletti.org\/wp-content\/uploads\/2016\/04\/matelas-plie-small-300x199.jpg 300w\" sizes=\"(max-width: 420px) 100vw, 420px\" \/><\/a><\/p>\n<p><a href=\"http:\/\/camillepaoletti.org\/wp-content\/uploads\/2016\/04\/matelas-poche-small.jpg\"><img loading=\"lazy\" class=\"alignnone size-full wp-image-914\" src=\"http:\/\/camillepaoletti.org\/wp-content\/uploads\/2016\/04\/matelas-poche-small.jpg\" alt=\"matelas-poche-small\" width=\"420\" height=\"279\" srcset=\"http:\/\/camillepaoletti.org\/wp-content\/uploads\/2016\/04\/matelas-poche-small.jpg 420w, http:\/\/camillepaoletti.org\/wp-content\/uploads\/2016\/04\/matelas-poche-small-300x199.jpg 300w\" sizes=\"(max-width: 420px) 100vw, 420px\" \/><\/a><\/p>\n<p>Patron inspir\u00e9 des <a href=\"http:\/\/www.pourmesjolismomes.com\/2012\/03\/le-tuto-de-ma-pochette-langer.html\">jolis m\u00f4mes<\/a>, m\u00eame s&rsquo;il n&rsquo;en reste plus que les dimensions \ud83d\ude42 (et encore&#8230;).<\/p>\n<p>Celui-l\u00e0 est int\u00e9gralement matelass\u00e9, pour plus de confort, m\u00eame au beau milieu des bois et poss\u00e8de quatre petites poches pour que tout le monde trouve sa place.<\/td>\n<td style=\"width: 420px; text-align: left; vertical-align: top;\"><a href=\"http:\/\/camillepaoletti.org\/wp-content\/uploads\/2016\/04\/matelas-ouvert-small.jpg\"><img loading=\"lazy\" class=\"alignnone size-full wp-image-912\" src=\"http:\/\/camillepaoletti.org\/wp-content\/uploads\/2016\/04\/matelas-ouvert-small.jpg\" alt=\"matelas-ouvert-small\" width=\"420\" height=\"489\" srcset=\"http:\/\/camillepaoletti.org\/wp-content\/uploads\/2016\/04\/matelas-ouvert-small.jpg 420w, http:\/\/camillepaoletti.org\/wp-content\/uploads\/2016\/04\/matelas-ouvert-small-258x300.jpg 258w\" sizes=\"(max-width: 420px) 100vw, 420px\" \/><\/a><\/p>\n<p><a href=\"http:\/\/camillepaoletti.org\/wp-content\/uploads\/2016\/04\/matelas-zoom-small.jpg\"><img loading=\"lazy\" class=\"alignnone size-full wp-image-915\" src=\"http:\/\/camillepaoletti.org\/wp-content\/uploads\/2016\/04\/matelas-zoom-small.jpg\" alt=\"matelas-zoom-small\" width=\"420\" height=\"279\" srcset=\"http:\/\/camillepaoletti.org\/wp-content\/uploads\/2016\/04\/matelas-zoom-small.jpg 420w, http:\/\/camillepaoletti.org\/wp-content\/uploads\/2016\/04\/matelas-zoom-small-300x199.jpg 300w\" sizes=\"(max-width: 420px) 100vw, 420px\" \/><\/a><\/p>\n<p>&nbsp;<\/td>\n<td style=\"width: 420px; text-align: left; vertical-align: top;\">Pas de raison qu&rsquo;il n&rsquo;y en ait que pour les b\u00e9b\u00e9s !<\/p>\n<p>&nbsp;<\/p>\n<p><a href=\"http:\/\/camillepaoletti.org\/wp-content\/uploads\/2016\/04\/sac-total.jpg\"><img loading=\"lazy\" class=\"alignnone size-full wp-image-927\" src=\"http:\/\/camillepaoletti.org\/wp-content\/uploads\/2016\/04\/sac-total.jpg\" alt=\"sac-total\" width=\"420\" height=\"766\" srcset=\"http:\/\/camillepaoletti.org\/wp-content\/uploads\/2016\/04\/sac-total.jpg 420w, http:\/\/camillepaoletti.org\/wp-content\/uploads\/2016\/04\/sac-total-164x300.jpg 164w\" sizes=\"(max-width: 420px) 100vw, 420px\" \/><\/a><\/p>\n<p>&nbsp;<\/p>\n<p>&nbsp;<\/td>\n<td style=\"width: 420px; text-align: left; vertical-align: top;\"><a href=\"http:\/\/camillepaoletti.org\/wp-content\/uploads\/2016\/04\/sac-detail.jpg\"><img loading=\"lazy\" class=\"alignnone size-full wp-image-926\" src=\"http:\/\/camillepaoletti.org\/wp-content\/uploads\/2016\/04\/sac-detail.jpg\" alt=\"sac-detail\" width=\"420\" height=\"279\" srcset=\"http:\/\/camillepaoletti.org\/wp-content\/uploads\/2016\/04\/sac-detail.jpg 420w, http:\/\/camillepaoletti.org\/wp-content\/uploads\/2016\/04\/sac-detail-300x199.jpg 300w\" sizes=\"(max-width: 420px) 100vw, 420px\" \/><\/a><\/p>\n<p><a href=\"http:\/\/camillepaoletti.org\/wp-content\/uploads\/2016\/04\/lingettes.jpg\"><img loading=\"lazy\" class=\"alignnone size-full wp-image-925\" src=\"http:\/\/camillepaoletti.org\/wp-content\/uploads\/2016\/04\/lingettes.jpg\" alt=\"lingettes\" width=\"420\" height=\"279\" srcset=\"http:\/\/camillepaoletti.org\/wp-content\/uploads\/2016\/04\/lingettes.jpg 420w, http:\/\/camillepaoletti.org\/wp-content\/uploads\/2016\/04\/lingettes-300x199.jpg 300w\" sizes=\"(max-width: 420px) 100vw, 420px\" \/><\/a><\/p>\n<p><a href=\"http:\/\/camillepaoletti.org\/wp-content\/uploads\/2016\/04\/cotons.jpg\"><img loading=\"lazy\" class=\"alignnone size-full wp-image-924\" src=\"http:\/\/camillepaoletti.org\/wp-content\/uploads\/2016\/04\/cotons.jpg\" alt=\"cotons\" width=\"420\" height=\"279\" srcset=\"http:\/\/camillepaoletti.org\/wp-content\/uploads\/2016\/04\/cotons.jpg 420w, http:\/\/camillepaoletti.org\/wp-content\/uploads\/2016\/04\/cotons-300x199.jpg 300w\" sizes=\"(max-width: 420px) 100vw, 420px\" \/><\/a><\/p>\n<p>Dans la s\u00e9rie lavable, je demande&#8230; les lingettes et les cotons. Et tant qu&rsquo;on y est, autant assortir tout \u00e7a avec un super tote bag r\u00e9versible pour y fourrer tout ce dont on a besoin \ud83d\ude42<\/td>\n<td style=\"width: 420px; text-align: left; vertical-align: top;\">Ma petite ni\u00e8ce s&rsquo;appelle In\u00e8s. Et comme elle est coquette, je lui ai fabriqu\u00e9 une pochette&#8230;<\/p>\n<p><a href=\"http:\/\/camillepaoletti.org\/wp-content\/uploads\/2015\/06\/couture-pochette-e1435229255378.jpg\"><img loading=\"lazy\" class=\"alignnone size-full wp-image-714\" src=\"http:\/\/camillepaoletti.org\/wp-content\/uploads\/2015\/06\/couture-pochette-e1435229255378.jpg\" alt=\"couture-pochette\" width=\"420\" height=\"507\" \/><\/a><\/p>\n<p><a href=\"http:\/\/camillepaoletti.org\/wp-content\/uploads\/2015\/06\/couture-pochette-2-e1435229498359.jpg\"><img loading=\"lazy\" class=\"alignnone size-full wp-image-713\" src=\"http:\/\/camillepaoletti.org\/wp-content\/uploads\/2015\/06\/couture-pochette-2-e1435229498359.jpg\" alt=\"couture-pochette-2\" width=\"420\" height=\"327\" \/><\/a><\/p>\n<p>J&rsquo;esp\u00e8re trouver le temps de partager son patron tout bient\u00f4t !<\/td>\n<td style=\"text-align: left; vertical-align: top;\">\n<p style=\"text-align: center;\">Bient\u00f4t sur vos \u00e9crans :<\/p>\n<p style=\"text-align: center;\">&#8211; une nouvelle robe pour cet \u00e9t\u00e9 &#8211;<\/p>\n<p style=\"text-align: center;\">&#8211; quand dentelle rencontre matelass\u00e9 &#8211;<\/p>\n<p style=\"text-align: center;\">&#8211; le porte-carte de Nor &#8211;<\/p>\n<p style=\"text-align: center;\">&#8211; le tablier de Ju &#8211;<\/p>\n<p style=\"text-align: center;\">&#8211; une trousse pour Nanouchka &#8211;<\/p>\n<p style=\"text-align: center;\">&#8211; la serviette g\u00e9ante de Z\u00e9lia &#8211;<\/p>\n<p style=\"text-align: center;\">&#8211; petite trousse de sac &#8211;<\/p>\n<\/td>\n<\/tr>\n<\/tbody>\n<\/table>\n<p><\/p>","protected":false},"excerpt":{"rendered":"<p>Une petite guirlande de fanions pour apprendre \u00e0 \u00e9crire son nom ! Les lettres de coton sont doubl\u00e9es en tulle pour un effet rugueux. Esp\u00e9rons qu&rsquo;elles plairont \ud83d\ude42 N&rsquo;h\u00e9sitez pas \u00e0 me contacter si vous souhaitez patrons et\/ou astuces pour ce projet ! Petit set \u00e0 langer de voyage pour la plus chouette des poussinettes [&hellip;]<\/p>\n","protected":false},"author":1,"featured_media":0,"parent":0,"menu_order":0,"comment_status":"open","ping_status":"open","template":"","meta":[],"_links":{"self":[{"href":"http:\/\/camillepaoletti.org\/fr\/wp-json\/wp\/v2\/pages\/712"}],"collection":[{"href":"http:\/\/camillepaoletti.org\/fr\/wp-json\/wp\/v2\/pages"}],"about":[{"href":"http:\/\/camillepaoletti.org\/fr\/wp-json\/wp\/v2\/types\/page"}],"author":[{"embeddable":true,"href":"http:\/\/camillepaoletti.org\/fr\/wp-json\/wp\/v2\/users\/1"}],"replies":[{"embeddable":true,"href":"http:\/\/camillepaoletti.org\/fr\/wp-json\/wp\/v2\/comments?post=712"}],"version-history":[{"count":47,"href":"http:\/\/camillepaoletti.org\/fr\/wp-json\/wp\/v2\/pages\/712\/revisions"}],"predecessor-version":[{"id":940,"href":"http:\/\/camillepaoletti.org\/fr\/wp-json\/wp\/v2\/pages\/712\/revisions\/940"}],"wp:attachment":[{"href":"http:\/\/camillepaoletti.org\/fr\/wp-json\/wp\/v2\/media?parent=712"}],"curies":[{"name":"wp","href":"https:\/\/api.w.org\/{rel}","templated":true}]}}