{"id":28,"date":"2014-02-02T19:42:21","date_gmt":"2014-02-02T19:42:21","guid":{"rendered":"http:\/\/localhost\/wordpress\/?page_id=28"},"modified":"2016-02-21T19:50:36","modified_gmt":"2016-02-21T18:50:36","slug":"ptits-illumines","status":"publish","type":"page","link":"http:\/\/camillepaoletti.org\/fr\/ptits-illumines\/","title":{"rendered":"Les p&rsquo;tits illumin\u00e9s"},"content":{"rendered":"<p><\/p>\n<table style=\"width: 2800px;\" border=\"0\" cellspacing=\"5\" cellpadding=\"5\">\n<tbody>\n<tr>\n<td style=\"width: 400px;\" align=\"left\" valign=\"top\">\n<p style=\"text-align: justify;\">Parce que je crois dur comme fer que la science devrait \u00eatre accessible \u00e0 tous, j&rsquo;ai co-cr\u00e9\u00e9 avec <a href=\"http:\/\/barbaragovin.fr\/\">Barbara Govin<\/a>,\u00a0illustratrice et didacticienne, l&rsquo;association de m\u00e9diation scientifique<\/p>\n<p style=\"text-align: center;\"><a href=\"http:\/\/www.lesptitsillumines.fr\">Les p&rsquo;tits illumin\u00e9s<\/a><\/p>\n<p style=\"text-align: justify;\">Actuellement, nous d\u00e9veloppons une s\u00e9rie de coffrets scientifiques et ludiques. L&rsquo;id\u00e9e est d&rsquo;allier de dr\u00f4les d&rsquo;exp\u00e9riences, observations, jeux, connaissances&#8230; pour amener l&rsquo;enfant \u00e0 mieux comprendre le monde qui l&rsquo;entoure.<\/p>\n<p>En juillet dernier, nous avons lanc\u00e9 une <a href=\"http:\/\/www.kisskissbankbank.com\/fr\/projects\/les-p-tits-illumines\">campagne de financement participatif<\/a> et ainsi lev\u00e9 les fonds n\u00e9cessaires au d\u00e9marrage de la production de nos premi\u00e8res box. Apr\u00e8s avoir produit une premi\u00e8re s\u00e9rie de box (disponibles <a href=\"http:\/\/lesptitsillumines.fr\/les-box\">ici<\/a>), nous travaillons actuellement au num\u00e9ro 2 ! Merci \u00e0 tous pour votre soutien !<\/p>\n<p>Si vous \u00eates int\u00e9ress\u00e9s par ce projet ou si vous avez quelque chose de dr\u00f4le \u00e0 partager, n&rsquo;h\u00e9sitez-pas \u00e0\u00a0<a href=\"mailto:contact@lesptitsillumines.fr\">nous contacter<\/a>, \u00e0 visiter notre <a href=\"https:\/\/www.facebook.com\/lesptitsillumines\">page facebook<\/a> ou notre <a href=\"http:\/\/www.lesptitsillumines.fr\">site<\/a> pour en savoir plus ! Parlez-en autour de vous, vous nous aiderez grandement.<\/td>\n<td style=\"width: 600px;\" valign=\"top\"><a href=\"http:\/\/camillepaoletti.org\/wp-content\/uploads\/2015\/06\/ptits-illus.gif\"><img loading=\"lazy\" class=\"alignnone size-full wp-image-699\" src=\"http:\/\/camillepaoletti.org\/wp-content\/uploads\/2015\/06\/ptits-illus.gif\" alt=\"ptits-illumines\" width=\"620\" height=\"376\" \/><\/a><\/td>\n<td style=\"width: 536px; height: 460px;\" valign=\"top\"><a href=\"http:\/\/camillepaoletti.org\/wp-content\/uploads\/2015\/10\/CGvdCLsW0AAaSvS-e1444040050355.jpg\"><img loading=\"lazy\" class=\"alignnone size-full wp-image-805\" src=\"http:\/\/camillepaoletti.org\/wp-content\/uploads\/2015\/10\/CGvdCLsW0AAaSvS-e1444040050355.jpg\" alt=\"box\" width=\"536\" height=\"400\" \/><\/a><\/td>\n<td style=\"width: 600px;\" valign=\"top\"><a href=\"http:\/\/camillepaoletti.org\/wp-content\/uploads\/2015\/10\/IMG_2680-e1444039999442.jpg\"><img loading=\"lazy\" class=\"alignnone size-full wp-image-806\" src=\"http:\/\/camillepaoletti.org\/wp-content\/uploads\/2015\/10\/IMG_2680-e1444039999442.jpg\" alt=\"Science-and-You\" width=\"600\" height=\"400\" \/><\/a><\/td>\n<td style=\"width: 600px;\" valign=\"top\"><a href=\"http:\/\/camillepaoletti.org\/wp-content\/uploads\/2015\/10\/IMG_2716-e1444040152140.jpg\"><img loading=\"lazy\" class=\"alignnone size-full wp-image-808\" src=\"http:\/\/camillepaoletti.org\/wp-content\/uploads\/2015\/10\/IMG_2716-e1444040152140.jpg\" alt=\"Bug\" width=\"559\" height=\"400\" \/><\/a><\/td>\n<\/tr>\n<\/tbody>\n<\/table>\n<p>&nbsp;<\/p>","protected":false},"excerpt":{"rendered":"<p>Parce que je crois dur comme fer que la science devrait \u00eatre accessible \u00e0 tous, j&rsquo;ai co-cr\u00e9\u00e9 avec Barbara Govin,\u00a0illustratrice et didacticienne, l&rsquo;association de m\u00e9diation scientifique Les p&rsquo;tits illumin\u00e9s Actuellement, nous d\u00e9veloppons une s\u00e9rie de coffrets scientifiques et ludiques. L&rsquo;id\u00e9e est d&rsquo;allier de dr\u00f4les d&rsquo;exp\u00e9riences, observations, jeux, connaissances&#8230; pour amener l&rsquo;enfant \u00e0 mieux comprendre le [&hellip;]<\/p>\n","protected":false},"author":1,"featured_media":0,"parent":0,"menu_order":0,"comment_status":"open","ping_status":"open","template":"","meta":[],"_links":{"self":[{"href":"http:\/\/camillepaoletti.org\/fr\/wp-json\/wp\/v2\/pages\/28"}],"collection":[{"href":"http:\/\/camillepaoletti.org\/fr\/wp-json\/wp\/v2\/pages"}],"about":[{"href":"http:\/\/camillepaoletti.org\/fr\/wp-json\/wp\/v2\/types\/page"}],"author":[{"embeddable":true,"href":"http:\/\/camillepaoletti.org\/fr\/wp-json\/wp\/v2\/users\/1"}],"replies":[{"embeddable":true,"href":"http:\/\/camillepaoletti.org\/fr\/wp-json\/wp\/v2\/comments?post=28"}],"version-history":[{"count":46,"href":"http:\/\/camillepaoletti.org\/fr\/wp-json\/wp\/v2\/pages\/28\/revisions"}],"predecessor-version":[{"id":878,"href":"http:\/\/camillepaoletti.org\/fr\/wp-json\/wp\/v2\/pages\/28\/revisions\/878"}],"wp:attachment":[{"href":"http:\/\/camillepaoletti.org\/fr\/wp-json\/wp\/v2\/media?parent=28"}],"curies":[{"name":"wp","href":"https:\/\/api.w.org\/{rel}","templated":true}]}}