{"id":20,"date":"2014-02-02T19:00:55","date_gmt":"2014-02-02T19:00:55","guid":{"rendered":"http:\/\/localhost\/wordpress\/?page_id=20"},"modified":"2015-07-03T15:16:45","modified_gmt":"2015-07-03T13:16:45","slug":"my-research","status":"publish","type":"page","link":"http:\/\/camillepaoletti.org\/fr\/my-research\/","title":{"rendered":"Mes recherches"},"content":{"rendered":"<p><\/p>\n<table border=\"0\" cellspacing=\"20\" cellpadding=\"20\" align=\"center\">\n<tbody>\n<tr>\n<td><a href=\"http:\/\/camillepaoletti.org\/talks\/?lang=fr\"><img loading=\"lazy\" class=\"alignnone size-full wp-image-416\" src=\"http:\/\/camillepaoletti.org\/wp-content\/uploads\/2014\/02\/presentation.png\" alt=\"presentation\" width=\"300\" height=\"300\" srcset=\"http:\/\/camillepaoletti.org\/wp-content\/uploads\/2014\/02\/presentation.png 300w, http:\/\/camillepaoletti.org\/wp-content\/uploads\/2014\/02\/presentation-150x150.png 150w\" sizes=\"(max-width: 300px) 100vw, 300px\" \/><\/a><\/td>\n<td><a href=\"http:\/\/camillepaoletti.org\/internships\/?lang=fr\"><img loading=\"lazy\" class=\"alignnone size-full wp-image-418\" src=\"http:\/\/camillepaoletti.org\/wp-content\/uploads\/2014\/02\/stages.png\" alt=\"stages\" width=\"300\" height=\"300\" srcset=\"http:\/\/camillepaoletti.org\/wp-content\/uploads\/2014\/02\/stages.png 300w, http:\/\/camillepaoletti.org\/wp-content\/uploads\/2014\/02\/stages-150x150.png 150w\" sizes=\"(max-width: 300px) 100vw, 300px\" \/><\/a><\/td>\n<td><a href=\"http:\/\/camillepaoletti.org\/past-projects\/?lang=fr\"><img loading=\"lazy\" class=\"alignnone size-full wp-image-417\" src=\"http:\/\/camillepaoletti.org\/wp-content\/uploads\/2014\/02\/ProjetsAnterieurs.png\" alt=\"ProjetsAnterieurs\" width=\"300\" height=\"300\" srcset=\"http:\/\/camillepaoletti.org\/wp-content\/uploads\/2014\/02\/ProjetsAnterieurs.png 300w, http:\/\/camillepaoletti.org\/wp-content\/uploads\/2014\/02\/ProjetsAnterieurs-150x150.png 150w\" sizes=\"(max-width: 300px) 100vw, 300px\" \/><\/a><\/td>\n<\/tr>\n<tr>\n<td style=\"text-align: center;\" colspan=\"3\">Ma th\u00e8se en 184 secondes (et oui, j&rsquo;aurais \u00e9t\u00e9 disqualifi\u00e9e :p ) :<\/p>\n<p><iframe loading=\"lazy\" src=\"\/\/www.youtube.com\/embed\/2Q1u4itnKjc\" width=\"425\" height=\"350\"><\/iframe><\/p>\n<p>Sous-titres fran\u00e7ais et anglais d\u00e9sormais disponibles !<\/td>\n<\/tr>\n<\/tbody>\n<\/table>\n<p>&nbsp;<\/p>","protected":false},"excerpt":{"rendered":"<p>Ma th\u00e8se en 184 secondes (et oui, j&rsquo;aurais \u00e9t\u00e9 disqualifi\u00e9e :p ) : Sous-titres fran\u00e7ais et anglais d\u00e9sormais disponibles ! &nbsp;<\/p>\n","protected":false},"author":1,"featured_media":0,"parent":0,"menu_order":0,"comment_status":"open","ping_status":"open","template":"","meta":[],"_links":{"self":[{"href":"http:\/\/camillepaoletti.org\/fr\/wp-json\/wp\/v2\/pages\/20"}],"collection":[{"href":"http:\/\/camillepaoletti.org\/fr\/wp-json\/wp\/v2\/pages"}],"about":[{"href":"http:\/\/camillepaoletti.org\/fr\/wp-json\/wp\/v2\/types\/page"}],"author":[{"embeddable":true,"href":"http:\/\/camillepaoletti.org\/fr\/wp-json\/wp\/v2\/users\/1"}],"replies":[{"embeddable":true,"href":"http:\/\/camillepaoletti.org\/fr\/wp-json\/wp\/v2\/comments?post=20"}],"version-history":[{"count":11,"href":"http:\/\/camillepaoletti.org\/fr\/wp-json\/wp\/v2\/pages\/20\/revisions"}],"predecessor-version":[{"id":740,"href":"http:\/\/camillepaoletti.org\/fr\/wp-json\/wp\/v2\/pages\/20\/revisions\/740"}],"wp:attachment":[{"href":"http:\/\/camillepaoletti.org\/fr\/wp-json\/wp\/v2\/media?parent=20"}],"curies":[{"name":"wp","href":"https:\/\/api.w.org\/{rel}","templated":true}]}}