{"id":17,"date":"2014-02-02T18:59:18","date_gmt":"2014-02-02T18:59:18","guid":{"rendered":"http:\/\/localhost\/wordpress\/?page_id=17"},"modified":"2017-01-18T20:41:34","modified_gmt":"2017-01-18T19:41:34","slug":"contact-me","status":"publish","type":"page","link":"http:\/\/camillepaoletti.org\/fr\/contact-me\/","title":{"rendered":"CV \/ Contact"},"content":{"rendered":"<p><strong>Camille Paoletti<\/strong><br \/>\n27 ans, docteur, chercheur en sciences de l&rsquo;\u00e9ducation, charg\u00e9e de projet, communicante scientifique<br \/>\n50 Worsley Road &#8211; London E11 3JN &#8211; Royaume-Uni \/\/ +33 (0)6 08 48 66 59 \/\/ +44 (0)7480 523968<br \/>\n<a href=\"mailto:camille.paoletti@gmail.com\">pr\u00e9nom.nom@gmail.com<\/a> \/\/\u00a0<a href=\"http:\/\/fr.linkedin.com\/pub\/camille-paoletti\/84\/666\/95b\/\"><img loading=\"lazy\" src=\"http:\/\/camillepaoletti.org\/wp-content\/uploads\/2014\/02\/LinkedIn-e1391954450639.jpg\" alt=\"Print\" width=\"15\" height=\"15\" \/><\/a> \/\/ <a href=\"http:\/\/fr.viadeo.com\/fr\/profile\/camille.paoletti\"><img loading=\"lazy\" class=\"alignnone wp-image-634\" src=\"http:\/\/camillepaoletti.org\/wp-content\/uploads\/2015\/04\/viadeo.jpg\" alt=\"viadeo\" width=\"18\" height=\"20\" srcset=\"http:\/\/camillepaoletti.org\/wp-content\/uploads\/2015\/04\/viadeo.jpg 572w, http:\/\/camillepaoletti.org\/wp-content\/uploads\/2015\/04\/viadeo-265x300.jpg 265w\" sizes=\"(max-width: 18px) 100vw, 18px\" \/><\/a> \/\/ <a href=\"https:\/\/twitter.com\/campaoletti\"><img loading=\"lazy\" class=\"alignnone wp-image-747\" src=\"http:\/\/camillepaoletti.org\/wp-content\/uploads\/2015\/08\/twitter.jpg\" alt=\"twitter\" width=\"18\" height=\"18\" srcset=\"http:\/\/camillepaoletti.org\/wp-content\/uploads\/2015\/08\/twitter.jpg 512w, http:\/\/camillepaoletti.org\/wp-content\/uploads\/2015\/08\/twitter-150x150.jpg 150w, http:\/\/camillepaoletti.org\/wp-content\/uploads\/2015\/08\/twitter-300x300.jpg 300w\" sizes=\"(max-width: 18px) 100vw, 18px\" \/><\/a><\/p>\n<p><strong>\u00c9ducation<\/strong><br \/>\n<em>2011-2014<\/em>\u00a0__\u00a0<a href=\"http:\/\/www.unistra.fr\/index.php?id=accueil\"><strong>Universit\u00e9 de Strasbourg<\/strong><\/a>, France \/\/ Doctorante \u00e0 l&rsquo;<strong><a href=\"http:\/\/www.igbmc.fr\/\">IGBMC<\/a>\u00a0<\/strong><span style=\"font-size: x-small;\">sous la direction de Gilles Charvin<\/span><br \/>\n<em>2011<\/em>\u00a0__ Dipl\u00f4me de l&rsquo;<a href=\"http:\/\/www.ens-lyon.eu\/\"><strong>\u00c9cole Normale Sup\u00e9rieure de Lyon<\/strong><\/a><br \/>\n<em>2010-2011<\/em>\u00a0__\u00a0<a href=\"http:\/\/www.u-psud.fr\/\"><strong>Universit\u00e9 de Paris-Sud 11<\/strong><\/a>, France \/\/ Master Recherche de Science\u00a0<span style=\"font-size: x-small;\">mention tr\u00e8s bien &#8211;\u00a0sp\u00e9cialisation en Biophysique<\/span><br \/>\n<em>2009-2010<\/em>\u00a0__\u00a0<a href=\"http:\/\/www.ens-lyon.eu\/\"><strong>\u00c9cole Normale Sup\u00e9rieure de Lyon<\/strong><\/a>, France \/\/ Master Recherche de Science\u00a0<span style=\"font-size: x-small;\">(1\u00e8re ann\u00e9e) &#8211;\u00a0sp\u00e9cialisation en Physique<\/span><br \/>\n<em>2008-2009<\/em>\u00a0__\u00a0<a href=\"http:\/\/www.ens-lyon.eu\/\"><strong>\u00c9cole Normale Sup\u00e9rieure de Lyon<\/strong><\/a>, France \/\/ Licence de Physique <span style=\"font-size: x-small;\">mention bien<\/span><br \/>\n<em>2005-2008<\/em>\u00a0__\u00a0<strong>Lyc\u00e9e Marcelin Berthelot<\/strong>, Saint-Maur-des-Foss\u00e9s (94), France \/\/\u00a0<span style=\"font-size: x-small;\">Classe pr\u00e9paratoire aux grandes \u00e9coles PCSI-PC*<\/span><br \/>\n<em>2005<\/em>\u00a0__\u00a0<strong>Lyc\u00e9e D\u2019Arsonval<\/strong>, Saint-Maur-des-Foss\u00e9s (94), France \/\/ Bac S <span style=\"font-size: x-small;\">avec mention tr\u00e8s bien &#8211; sp\u00e9cialisation en Physique<\/span><\/p>\n<p><strong>Exp\u00e9rience professionnelle<\/strong><br \/>\n<em>2015\u2013pr\u00e9sent<\/em> __\u00a0 <a href=\"http:\/\/www.kisskissbankbank.com\/fr\/projects\/les-p-tits-illumines\">Co-fondatrice<\/a> de l&rsquo;association de vulgarisation scientifique <a title=\"Les p'tits illumin\u00e9s\" href=\"http:\/\/www.kisskissbankbank.com\/fr\/projects\/les-p-tits-illumines\">Les p&rsquo;tits illumin\u00e9s<\/a> \/\/ Paris, France \/\/ <span style=\"font-size: x-small;\">Cr\u00e9ation de l&rsquo;association, animation d&rsquo;ateliers, d\u00e9veloppement d&rsquo;outils p\u00e9dagogiques pour un usage scolaire ou particulier<\/span><br \/>\nsep.<em>2015\u2013pr\u00e9sent<\/em> __ <span style=\"font-size: x-small;\">cours particuliers<\/span> __ <a href=\"http:\/\/www.tutorhunt.com\/users\/9619027733802\/\">Professeur particulier<\/a> \/\/ Bath, Royaume-Uni \/\/ <span style=\"font-size: x-small;\">Tutorat d&rsquo;\u00e9l\u00e8ves en Fran\u00e7ais, Physique, Chimie, Biologie et Math\u00e9matiques &#8211; pr\u00e9paration \u00e0 diff\u00e9rents examens (KS3 SAT, GCSE et A levels)<\/span><br \/>\n<em>oct.2015\u2013pr\u00e9sent<\/em> __<span style=\"font-size: x-small;\">b\u00e9n\u00e9volat\u00a0<\/span> __ <a href=\"http:\/\/www.brlsi.org\/events-proceedings\/meeting-groups\/youth-activities\">Animateur scientifique<\/a> \/\/ <a href=\"http:\/\/www.brlsi.org\/\">BRLSI<\/a>, Bath, Royaume-Uni \/\/\u00a0<span style=\"font-size: x-small;\">D\u00e9veloppement et animation d&rsquo;activit\u00e9 scientifiques \u00e0 destination des enfants<\/span><br \/>\nsep.<em>2015\u2013d\u00e9c.2015<\/em> __ <span style=\"font-size: x-small;\">contrat de 7 jours<\/span> __ Freelance \/\/ <a title=\"Bath Spa Uni\" href=\"http:\/\/www.bathspa.ac.uk\/\">Bath Spa University<\/a>, Royaume-Uni \/\/ <span style=\"font-size: x-small;\">D\u00e9veloppement de prototypes de jeux pour enseigner et \u00e9valuer la th\u00e9orie de l&rsquo;\u00e9volution \u00e0 l&rsquo;\u00e9cole primaire<\/span><br \/>\nmar.<em>2015<\/em>-aug.<em>2015<\/em> __\u00a0<span style=\"font-size: x-small;\">contrat de\u00a0 6 mois\u00a0<\/span> __ <a href=\"http:\/\/www.bathspa.ac.uk\/schools\/education\/research-in-education\/research-centres-and-groups\/early-scientific-learning-cresl\">Chercheur Post-Doctorante<\/a> \/\/ <a title=\"Bath Spa Uni\" href=\"http:\/\/www.bathspa.ac.uk\/\">Bath Spa University<\/a>, Royaume-Uni \/\/ <span style=\"font-size: x-small;\">Mise en place de recommandations quant \u00e0 l&rsquo;\u00e9valuation des sciences \u00e0 l&rsquo;\u00e9cole primaire, sous la direction de Kendra McMahon, <a title=\"CRESL\" href=\"http:\/\/www.bathspa.ac.uk\/schools\/education\/research-in-education\/research-centres-and-groups\/early-scientific-learning-cresl\">CRESL<\/a> &#8211; Facult\u00e9 des Sciences de l&rsquo;\u00c9ducation<\/span><br \/>\n<em>sep.2011-dec.2014<\/em>\u00a0__\u00a0<span style=\"font-size: x-small;\">contrat de 3 ans<\/span> __ <a href=\"http:\/\/camillepaoletti.org\/my-research\/\">Doctorante<\/a> \/\/ IGBMC &#8211; Universit\u00e9 de Strasbourg, France \/\/\u00a0<span style=\"font-size: x-small;\">M\u00e9canismes de vieillissement chez la levure, sous la direction de Gilles Charvin, Biophysique de la cellule unique<\/span><br \/>\n<em>sep.2013\u2013sep.2014<\/em>\u00a0__\u00a0<span style=\"font-size: x-small;\">contrat d&rsquo;un an<\/span> __ <a href=\"http:\/\/jardin-sciences.unistra.fr\/train-de-la-science\/edition-2014\/\">Charg\u00e9e de projet au Jardin des Sciences<\/a> \/\/ Strasbourg, France \/\/\u00a0<span style=\"font-size: x-small;\">\u00c9criture de panneaux d&rsquo;exposition &#8211; Charg\u00e9e du projet \u00ab\u00a0Train de la Science\u00a0\u00bb &#8211; Assistante pour le projet \u00ab\u00a0180 secondes pour ma th\u00e8se\u00a0\u00bb<\/span><br \/>\n<em>dec.2013<\/em>\u00a0__ <span style=\"font-size: x-small;\">b\u00e9n\u00e9volat d&rsquo;un mois<\/span> __ <a href=\"https:\/\/www.facebook.com\/igbmcphdprogramme\">Co-Administrateur de la page Facebook du PhD Programme de l&rsquo;IGBMC<\/a> \u00a0\/\/\u00a0IGBMC &#8211; University of Strasbourg, France \/\/\u00a0<span style=\"font-size: x-small;\">Lancement de la page Facebook du\u00a0<a href=\"https:\/\/www.facebook.com\/igbmcphdprogramme\">IGBMC PhD Programme<\/a>, cr\u00e9ation de jeux pour les doctorants \u00e0 l&rsquo;occasion, 50 likes en 10 jours\u00a0<\/span><br \/>\n<em>avr.2013-juin.2013<\/em>\u00a0__ <a href=\"http:\/\/www.ec-centre-illkirch-graffenstaden.ac-strasbourg.fr\/\">Animateur scientifique en \u00c9cole \u00c9l\u00e9mentaire<\/a> \/\/ Illkirch-Graffenstaden, France \/\/\u00a0<span style=\"font-size: x-small;\">D\u00e9veloppement et animation d&rsquo;activit\u00e9s scientifiques sur l&rsquo;\u00e9lectricit\u00e9 en collaboration avec un professeur des \u00e9coles (\u00c9cole du Centre, Illkirch-Graffenstaden &#8211; Classe bilingue Fran\u00e7ais\/Allemand)<\/span><br \/>\n<em>sep.2012-juin.2013<\/em>\u00a0__\u00a0<span style=\"font-size: x-small;\">contrat de 10 mois<\/span> __ Mission d&rsquo;enseignement \/\/ Universit\u00e9 de Strasbourg, France \/\/ <span style=\"font-size: x-small;\">Charg\u00e9e de TD de Physique Statistique en L3 et charg\u00e9e de TP de Physique en L1<\/span><br \/>\n<em>oct.2011 &amp; 2012<\/em>\u00a0__ Animateur scientifique \/\/ Universit\u00e9 de Strasbourg, France \/\/\u00a0<span style=\"font-size: x-small;\">D\u00e9veloppement et animation d&rsquo;activit\u00e9 scientifiques \u00e0 destination des enfants, F\u00eates de la Science 2011 &amp; 2012<\/span><br \/>\n<em>sep.2011\u2013juin.2012<\/em>\u00a0__\u00a0<span style=\"font-size: x-small;\">contrat de 10 mois<\/span> __ Interrogateur en CPGE \/\/ Lyc\u00e9e Jean Rostand, Strasbourg, France \/\/<span style=\"font-size: x-small;\"> Colles de Physique et de Chimie en 2 \u00e8me ann\u00e9e de BCPST<\/span><br \/>\n<em>avr.2011-ao\u00fbt.2011<\/em>\u00a0__\u00a0<span style=\"font-size: x-small;\">stage de 5 mois<\/span> __ Assistant de recherche \/\/ IGBMC &#8211; Universit\u00e9 de Strasbourg, France \/\/\u00a0<span style=\"font-size: x-small;\">D\u00e9veloppement d&rsquo;outils microfluidiques, stage sous la direction de Gilles Charvin, Biophysique de la cellule unique<\/span><br \/>\n<em>jan.2011\u2013mars.2011<\/em>\u00a0__\u00a0<span style=\"font-size: x-small;\">stage de 3 mois<\/span> __ Assistant de recherche \/\/ Institut Curie, Paris, France \/\/\u00a0<span style=\"font-size: x-small;\">Ablation laser dans l&rsquo;aile de drosophile, stage sous la direction de Yohanns Bellaiche, G\u00e9n\u00e9tique et Biologie du D\u00e9veloppement<\/span><br \/>\n<em>mai.2010-juil.2010<\/em>\u00a0__ <span style=\"font-size: x-small;\">stage de 3 mois<\/span>\u00a0__ Assistant de recherche\u00a0\/\/ Cudos, University of Sydney, Australia \/\/\u00a0<span style=\"font-size: x-small;\">Biomim\u00e9tisme de diatom\u00e9s, stage sous la direction de Christian Grillet, Physique &#8211; Cristaux photoniques<\/span><br \/>\n<em>juin.2009-juil.2009<\/em>\u00a0__\u00a0<span style=\"font-size: x-small;\">stage de 2 mois<\/span> __ Assistant de recherche \/\/ \u00c9cole Normale Sup\u00e9rieure de Lyon, France \/\/\u00a0<span style=\"font-size: x-small;\">Mesure du ratio karyoplasmique par microscopie de d\u00e9convolution\u201a stage sous la direction de Gilles Charvin, Biophysique de la cellule unique<\/span><br \/>\n<em>2007\u20132009<\/em>\u00a0__\u00a0<span style=\"font-size: x-small;\">contrats journaliers<\/span> __ Moniteur de cano\u00eb \/\/ Comit\u00e9 D\u00e9partemental de Cano\u00eb-Kayak 94, France \/\/ <span style=\"font-size: x-small;\">Moniteur de cano\u00eb au cours de festivals sportifs<\/span><br \/>\n<em>2006\u20132010<\/em> __ <span style=\"font-size: x-small;\">cours particuliers<\/span> __ Professeur particulier \/\/ Joinville-le-Pont et Lyon \u2013 France \/\/ <span style=\"font-size: x-small;\">Soutien d&rsquo;\u00e9l\u00e8ves de coll\u00e8ge et lyc\u00e9e en Mathematiques, Physique, Chimie, Fran\u00e7ais, Histoire et Biologie<\/span><br \/>\n<em>sep.2004\u2013juil.2005<\/em>\u00a0__\u00a0<span style=\"font-size: x-small;\">b\u00e9n\u00e9volat de 11 mois<\/span> __ Moniteur de cano\u00eb \u00e0 mi-temps\/\/ Joinville Eau Vive, Joinville (94), France \/\/ <span style=\"font-size: x-small;\">Encadrement d&rsquo;enfants de 8 \u00e0 14 ans<\/span><\/p>\n<p><strong>Divers<\/strong><br \/>\nPermis de conduire &#8211; AFPS<br \/>\nLangues __ fran\u00e7ais : langue maternelle &#8211; anglais : courant &#8211; allemand : niveau acad\u00e9mique<br \/>\nInt\u00e9r\u00eats __ Recherche : Biophysique \/\/ Personnel : Cano\u00eb<span style=\"font-size: x-small;\"> (b\u00e9n\u00e9volat \u2013 m\u00e9daill\u00e9e aux Championnats d&rsquo;Europe et du Monde Junior en 2005)<\/span>\u00a0&#8211; Ultimate Frisbee &#8211; Musique <span style=\"font-size: x-small;\">(fl\u00fbte)<\/span>\u00a0&#8211; Sculpture &#8211; Couture &#8211; DIY, culture maker: <span style=\"font-size: x-small;\">engagement au sein du FacLabUCP,d\u00e9coupage laser, impression 3D, wood art<\/span><br \/>\nComp\u00e9tences informatiques __ Bonne pratique de : Suite Microsoft Office, Suite Adobe, LaTeX, RSoft, AutoCad \/\/ Comp\u00e9tences en programmation : Web(bases en HTML, PHP, CSS), Matlab, Maple, C, R, Bash<\/p>","protected":false},"excerpt":{"rendered":"<p>Camille Paoletti 27 ans, docteur, chercheur en sciences de l&rsquo;\u00e9ducation, charg\u00e9e de projet, communicante scientifique 50 Worsley Road &#8211; London E11 3JN &#8211; Royaume-Uni \/\/ +33 (0)6 08 48 66 59 \/\/ +44 (0)7480 523968 pr\u00e9nom.nom@gmail.com \/\/\u00a0 \/\/ \/\/ \u00c9ducation 2011-2014\u00a0__\u00a0Universit\u00e9 de Strasbourg, France \/\/ Doctorante \u00e0 l&rsquo;IGBMC\u00a0sous la direction de Gilles Charvin 2011\u00a0__ Dipl\u00f4me [&hellip;]<\/p>\n","protected":false},"author":1,"featured_media":0,"parent":0,"menu_order":0,"comment_status":"open","ping_status":"open","template":"","meta":[],"_links":{"self":[{"href":"http:\/\/camillepaoletti.org\/fr\/wp-json\/wp\/v2\/pages\/17"}],"collection":[{"href":"http:\/\/camillepaoletti.org\/fr\/wp-json\/wp\/v2\/pages"}],"about":[{"href":"http:\/\/camillepaoletti.org\/fr\/wp-json\/wp\/v2\/types\/page"}],"author":[{"embeddable":true,"href":"http:\/\/camillepaoletti.org\/fr\/wp-json\/wp\/v2\/users\/1"}],"replies":[{"embeddable":true,"href":"http:\/\/camillepaoletti.org\/fr\/wp-json\/wp\/v2\/comments?post=17"}],"version-history":[{"count":93,"href":"http:\/\/camillepaoletti.org\/fr\/wp-json\/wp\/v2\/pages\/17\/revisions"}],"predecessor-version":[{"id":1178,"href":"http:\/\/camillepaoletti.org\/fr\/wp-json\/wp\/v2\/pages\/17\/revisions\/1178"}],"wp:attachment":[{"href":"http:\/\/camillepaoletti.org\/fr\/wp-json\/wp\/v2\/media?parent=17"}],"curies":[{"name":"wp","href":"https:\/\/api.w.org\/{rel}","templated":true}]}}