{"id":150,"date":"2014-02-08T09:57:31","date_gmt":"2014-02-08T09:57:31","guid":{"rendered":"http:\/\/perso.ens-lyon.fr\/camille.paoletti\/?page_id=150"},"modified":"2016-02-21T19:56:27","modified_gmt":"2016-02-21T18:56:27","slug":"science-day","status":"publish","type":"page","link":"http:\/\/camillepaoletti.org\/fr\/science-day\/","title":{"rendered":"F\u00eate de la Science"},"content":{"rendered":"<p><\/p>\n<table style=\"width: 900px; height: 400px;\" cellpadding=\"10\">\n<tbody>\n<tr>\n<td style=\"width: 300px; vertical-align: top; text-align: left;\">Il me tient \u00e0 c\u0153ur de rendre la science accessible au plus grand nombre. C&rsquo;est donc tout naturellement que j&rsquo;ai particip\u00e9 aux diff\u00e9rentes \u00e9ditions de la f\u00eate de la science avec mes coll\u00e8gues doctorants et chercheurs de l&rsquo;<a href=\"http:\/\/www.igbmc.fr\/\">IGBMC<\/a>, en d\u00e9veloppant et animant des activit\u00e9s \u00e0 destination des scolaires et du grand public.<\/p>\n<p>Retour en image sur le stand de la <a href=\"http:\/\/www.mediatheques-cus.fr\/medias\/medias.aspx?INSTANCE=EXPLOITATION&amp;PORTAL_ID=WBCT_WBCTDOC_28.xml&amp;SYNCMENU=INF_MED_MALRAUX\">biblioth\u00e8que Andr\u00e9 Malraux<\/a>, \u00e0 Strasbourg.<\/td>\n<td><a href=\"http:\/\/camillepaoletti.org\/wp-content\/uploads\/2015\/10\/FdS17.jpg\"><img loading=\"lazy\" class=\"alignnone wp-image-838\" src=\"http:\/\/camillepaoletti.org\/wp-content\/uploads\/2015\/10\/FdS17.jpg\" alt=\"FdS\" width=\"600\" height=\"400\" srcset=\"http:\/\/camillepaoletti.org\/wp-content\/uploads\/2015\/10\/FdS17.jpg 900w, http:\/\/camillepaoletti.org\/wp-content\/uploads\/2015\/10\/FdS17-300x200.jpg 300w\" sizes=\"(max-width: 600px) 100vw, 600px\" \/><\/a><\/td>\n<\/tr>\n<\/tbody>\n<\/table>\n<p>&nbsp;<\/p>","protected":false},"excerpt":{"rendered":"<p>Il me tient \u00e0 c\u0153ur de rendre la science accessible au plus grand nombre. C&rsquo;est donc tout naturellement que j&rsquo;ai particip\u00e9 aux diff\u00e9rentes \u00e9ditions de la f\u00eate de la science avec mes coll\u00e8gues doctorants et chercheurs de l&rsquo;IGBMC, en d\u00e9veloppant et animant des activit\u00e9s \u00e0 destination des scolaires et du grand public. Retour en image [&hellip;]<\/p>\n","protected":false},"author":1,"featured_media":0,"parent":0,"menu_order":0,"comment_status":"open","ping_status":"open","template":"","meta":[],"_links":{"self":[{"href":"http:\/\/camillepaoletti.org\/fr\/wp-json\/wp\/v2\/pages\/150"}],"collection":[{"href":"http:\/\/camillepaoletti.org\/fr\/wp-json\/wp\/v2\/pages"}],"about":[{"href":"http:\/\/camillepaoletti.org\/fr\/wp-json\/wp\/v2\/types\/page"}],"author":[{"embeddable":true,"href":"http:\/\/camillepaoletti.org\/fr\/wp-json\/wp\/v2\/users\/1"}],"replies":[{"embeddable":true,"href":"http:\/\/camillepaoletti.org\/fr\/wp-json\/wp\/v2\/comments?post=150"}],"version-history":[{"count":9,"href":"http:\/\/camillepaoletti.org\/fr\/wp-json\/wp\/v2\/pages\/150\/revisions"}],"predecessor-version":[{"id":881,"href":"http:\/\/camillepaoletti.org\/fr\/wp-json\/wp\/v2\/pages\/150\/revisions\/881"}],"wp:attachment":[{"href":"http:\/\/camillepaoletti.org\/fr\/wp-json\/wp\/v2\/media?parent=150"}],"curies":[{"name":"wp","href":"https:\/\/api.w.org\/{rel}","templated":true}]}}