{"id":148,"date":"2014-02-08T09:54:00","date_gmt":"2014-02-08T09:54:00","guid":{"rendered":"http:\/\/perso.ens-lyon.fr\/camille.paoletti\/?page_id=148"},"modified":"2015-10-05T15:54:50","modified_gmt":"2015-10-05T13:54:50","slug":"exhibitions","status":"publish","type":"page","link":"http:\/\/camillepaoletti.org\/fr\/exhibitions\/","title":{"rendered":"Expositions"},"content":{"rendered":"<p><\/p>\n<table style=\"width: 3050px;\" border=\"0\" cellspacing=\"0\" cellpadding=\"10\">\n<tbody>\n<tr>\n<td style=\"width: 300px; height: 600px; vertical-align: top;\" align=\"left\" valign=\"top\">\n<p style=\"text-align: left;\">Ma premi\u00e8re exposition a ouvert le 4 novembre 2013. Petits et grands y d\u00e9couvriront l&rsquo;<a href=\"http:\/\/jardin-sciences.unistra.fr\/expositions\/exposition-eau\/\">eau dans tous ses \u00e9tats<\/a>\u00a0!<\/p>\n<p style=\"text-align: left;\">R\u00e9daction des panneaux de l&rsquo;exposition. Intentions d&rsquo;illustrations.<\/p>\n<\/td>\n<td style=\"width: 424px; height: 600px; vertical-align: top;\" align=\"left\" valign=\"top\"><a href=\"http:\/\/camillepaoletti.org\/wp-content\/uploads\/2014\/02\/affcihe-e1391985876488.jpg\"><img loading=\"lazy\" class=\"alignnone size-full wp-image-162\" src=\"http:\/\/camillepaoletti.org\/wp-content\/uploads\/2014\/02\/affcihe-e1391985876488.jpg\" alt=\"Exhibition posterAffiche de l'exposition\" width=\"424\" height=\"600\" srcset=\"http:\/\/camillepaoletti.org\/wp-content\/uploads\/2014\/02\/affcihe-e1391985876488.jpg 424w, http:\/\/camillepaoletti.org\/wp-content\/uploads\/2014\/02\/affcihe-e1391985876488-212x300.jpg 212w\" sizes=\"(max-width: 424px) 100vw, 424px\" \/><\/a><\/td>\n<td style=\"width: 300px; height: 600px; vertical-align: top;\" align=\"left\" valign=\"top\">\n<p style=\"text-align: left;\">Du 1er au 6 juin 2015, j&rsquo;ai \u00e9t\u00e9 s\u00e9lectionn\u00e9e pour participer \u00e0 la formation des doctorants de la conf\u00e9rence internationale de m\u00e9diation scientifique <a href=\"http:\/\/www.science-and-you.com\/\">Science and You<\/a>.<\/p>\n<p style=\"text-align: left;\">J&rsquo;ai particip\u00e9 \u00e0 l&rsquo;\u00e9laboration d&rsquo;un jeu de plateau sur le th\u00e8me de l&rsquo;infertilit\u00e9 en Afrique de l&rsquo;ouest, que nous avons ensuite pr\u00e9sent\u00e9 au sein du forum d&rsquo;exposition de Science and You.<\/p>\n<p style=\"text-align: left;\">Retour en images sur cette super exp\u00e9rience.<\/p>\n<\/td>\n<td style=\"width: 460px; height: 600px; vertical-align: top;\" align=\"left\" valign=\"top\"><a href=\"http:\/\/camillepaoletti.org\/wp-content\/uploads\/2015\/10\/group-e1444041762519.png\"><img loading=\"lazy\" class=\"alignnone size-full wp-image-817 aligncenter\" src=\"http:\/\/camillepaoletti.org\/wp-content\/uploads\/2015\/10\/group-e1444041762519.png\" alt=\"group\" width=\"450\" height=\"300\" \/><\/a> <a href=\"http:\/\/camillepaoletti.org\/wp-content\/uploads\/2015\/10\/game-restitution-e1444041700990.png\"><img loading=\"lazy\" class=\"alignnone size-full wp-image-816 aligncenter\" src=\"http:\/\/camillepaoletti.org\/wp-content\/uploads\/2015\/10\/game-restitution-e1444041700990.png\" alt=\"game-restitution\" width=\"450\" height=\"300\" \/><\/a><\/td>\n<td style=\"width: 460px; height: 600px; vertical-align: top;\" align=\"left\" valign=\"top\"><iframe loading=\"lazy\" src=\"\/\/www.youtube.com\/embed\/Q5OCEXwBn8A\" width=\"425\" height=\"350\" allowfullscreen=\"allowfullscreen\"><\/iframe><\/td>\n<td style=\"width: 300px; height: 600px; vertical-align: top;\" align=\"left\" valign=\"top\">Lucien et <a href=\"http:\/\/wwww.lesptitsillumines.fr\">les p&rsquo;tits illumin\u00e9s<\/a> ont \u00e9galement \u00e9t\u00e9 s\u00e9lectionn\u00e9s (parmi plus de 400 projets !) pour \u00eatre pr\u00e9sent\u00e9s au sein du forum.<\/p>\n<p>Les 5 et 6 juin 2015 nous y avons donc accueilli, avec Barbara, pr\u00e8s de 100 enfants pour tester le prototype de nos box.<\/p>\n<p>Il semblerait que \u00e7a ait plu \ud83d\ude42<\/td>\n<td style=\"width: 545px; height: 600px; vertical-align: top;\" align=\"left\" valign=\"top\"><a href=\"http:\/\/camillepaoletti.org\/wp-content\/uploads\/2015\/10\/photos-science-and-you-e1444042472601.png\"><img loading=\"lazy\" class=\"alignnone size-full wp-image-826\" src=\"http:\/\/camillepaoletti.org\/wp-content\/uploads\/2015\/10\/photos-science-and-you-e1444042472601.png\" alt=\"photos-science-and-you\" width=\"597\" height=\"545\" \/><\/a><\/td>\n<td style=\"width: 545px; height: 600px; vertical-align: top;\" align=\"left\" valign=\"top\">\u00a0<a href=\"http:\/\/camillepaoletti.org\/wp-content\/uploads\/2015\/10\/ptits-illus001-e1444042588153.jpg\"><img loading=\"lazy\" class=\"alignnone size-full wp-image-827\" src=\"http:\/\/camillepaoletti.org\/wp-content\/uploads\/2015\/10\/ptits-illus001-e1444042588153.jpg\" alt=\"mots-d-enfants\" width=\"300\" height=\"313\" \/><\/a><\/td>\n<\/tr>\n<\/tbody>\n<\/table>\n<p><\/p>","protected":false},"excerpt":{"rendered":"<p>Ma premi\u00e8re exposition a ouvert le 4 novembre 2013. Petits et grands y d\u00e9couvriront l&rsquo;eau dans tous ses \u00e9tats\u00a0! R\u00e9daction des panneaux de l&rsquo;exposition. Intentions d&rsquo;illustrations. Du 1er au 6 juin 2015, j&rsquo;ai \u00e9t\u00e9 s\u00e9lectionn\u00e9e pour participer \u00e0 la formation des doctorants de la conf\u00e9rence internationale de m\u00e9diation scientifique Science and You. J&rsquo;ai particip\u00e9 \u00e0 [&hellip;]<\/p>\n","protected":false},"author":1,"featured_media":0,"parent":0,"menu_order":0,"comment_status":"open","ping_status":"open","template":"","meta":[],"_links":{"self":[{"href":"http:\/\/camillepaoletti.org\/fr\/wp-json\/wp\/v2\/pages\/148"}],"collection":[{"href":"http:\/\/camillepaoletti.org\/fr\/wp-json\/wp\/v2\/pages"}],"about":[{"href":"http:\/\/camillepaoletti.org\/fr\/wp-json\/wp\/v2\/types\/page"}],"author":[{"embeddable":true,"href":"http:\/\/camillepaoletti.org\/fr\/wp-json\/wp\/v2\/users\/1"}],"replies":[{"embeddable":true,"href":"http:\/\/camillepaoletti.org\/fr\/wp-json\/wp\/v2\/comments?post=148"}],"version-history":[{"count":21,"href":"http:\/\/camillepaoletti.org\/fr\/wp-json\/wp\/v2\/pages\/148\/revisions"}],"predecessor-version":[{"id":845,"href":"http:\/\/camillepaoletti.org\/fr\/wp-json\/wp\/v2\/pages\/148\/revisions\/845"}],"wp:attachment":[{"href":"http:\/\/camillepaoletti.org\/fr\/wp-json\/wp\/v2\/media?parent=148"}],"curies":[{"name":"wp","href":"https:\/\/api.w.org\/{rel}","templated":true}]}}