{"id":144,"date":"2014-02-08T09:45:47","date_gmt":"2014-02-08T09:45:47","guid":{"rendered":"http:\/\/perso.ens-lyon.fr\/camille.paoletti\/?page_id=144"},"modified":"2014-04-13T00:05:41","modified_gmt":"2014-04-12T22:05:41","slug":"internships","status":"publish","type":"page","link":"http:\/\/camillepaoletti.org\/fr\/internships\/","title":{"rendered":"Stages"},"content":{"rendered":"<p><\/p>\n<table style=\"height: 400px; width: 5000px;\" border=\"0\" cellspacing=\"10\" cellpadding=\"0\">\n<tbody>\n<tr align=\"left\" valign=\"top\">\n<td style=\"text-align: justify; width: 400px;\"><strong>D\u00e9veloppement d&rsquo;outils de microfluidique pour \u00e9tudier les m\u00e9canismes de vieillissement chez la levure<\/strong><\/p>\n<p>Sous la direction de Gilles Charvin, Biophysique de la cellule unique &#8211;\u00a0<a href=\"http:\/\/www.igbmc.fr\/index_uk.html\" target=\"_top\">IGBMC<\/a>, Strasbourg, France \/\/ Avril-Ao\u00fbt 2011<\/p>\n<p>Les cellules de levure du boulanger se divisent asym\u00e9triquement. On peut donc identifier une m\u00e8re de sa fille nouvellement form\u00e9e, cette derni\u00e8re \u00e9tant plus petite. Chaque m\u00e8re produit un nombre limit\u00e9 de filles (env. 25) avant d&rsquo;entrer dans un processus de s\u00e9nescence puis de finir par mourir. De fa\u00e7on remarquable, m\u00eame les filles de m\u00e8res ag\u00e9es naissent avec un potentiel r\u00e9plicatif (RLS) intact (RLS; nombre total de divisions cellulaires). Ainsi, il existe un m\u00e9canisme de r\u00e9juv\u00e9nation qui permet d&rsquo;\u00e9viter la s\u00e9nescence clonale. Bien que l&rsquo;effet de nombreuses mutations sur le RLS soit connu, les causes pr\u00e9cises des m\u00e9canismes de s\u00e9nescence et de r\u00e9juv\u00e9nation et donc leur h\u00e9ritabilit\u00e9 sont tr\u00e8s mal comprises. Au laboratoire, nous avons d\u00e9velopp\u00e9 un syst\u00e8me de microfluidique pour mesurer la dynamique de division cellulaire et suivre, pour la premi\u00e8re fois au monde, \u00a0une unique cellule de sa naissance jusqu&rsquo;\u00e0 sa mort ! \u00a0Gr\u00e2ce \u00e0 ce syst\u00e8me, nous pouvons ainsi esp\u00e9rer mieux comprendre les m\u00e9canismes de s\u00e9nescence et de r\u00e9juv\u00e9nation.<\/p>\n<p>Si ce th\u00e8me vous int\u00e9resse, n&rsquo;h\u00e9sitez pas \u00e0 vous rendre dans la rubrique \u00ab\u00a0Publications\u00a0\u00bb<\/p>\n<p>Image (droite): Syst\u00e8me microm\u00e9trique de microfluidique nomm\u00e9 CLiC permettant de pi\u00e9ger une cellule m\u00e8re de sa naissance jusqu&rsquo;\u00e0 sa mort. En bas, les cellules prolif\u00e8rent et colonisent le syst\u00e8me CLiC. Barre d&rsquo;\u00e9chelle : 5\u00b5m.<\/td>\n<td style=\"text-align: justify; width: 890px;\">\u00a0<a href=\"http:\/\/camillepaoletti.org\/wp-content\/uploads\/2014\/02\/Clic-e1392676489417.png\"><img loading=\"lazy\" class=\"alignnone size-full wp-image-408\" alt=\"Clic\" src=\"http:\/\/camillepaoletti.org\/wp-content\/uploads\/2014\/02\/Clic-e1392676489417.png\" width=\"867\" height=\"461\" srcset=\"http:\/\/camillepaoletti.org\/wp-content\/uploads\/2014\/02\/Clic-e1392676489417.png 867w, http:\/\/camillepaoletti.org\/wp-content\/uploads\/2014\/02\/Clic-e1392676489417-300x159.png 300w\" sizes=\"(max-width: 867px) 100vw, 867px\" \/><\/a><\/td>\n<td style=\"text-align: justify; width: 450px;\"><strong>Ablations laser dans l&rsquo;aile de pupe de\u00a0<em>Drosophile<\/em><\/strong><\/p>\n<p><strong><br \/>\n<\/strong>Sous la direction de\u00a0<a href=\"http:\/\/ugbdd.curie.fr\/fr\/article\/0076-polarit%C3%A9-division-et-morphogen%C3%A8se\" target=\"_top\">Yohanns Bellaiche<\/a>, Biologie du d\u00e9veloppement, UMR934\u00a0<a href=\"http:\/\/www.curie.fr\/fr\">Institut Curie<\/a>, Paris, France \/\/ Janvier-Mars 2011<\/p>\n<p>Planar cell rearrangements control epithelial tissue morphogenesis and cellular pattern formation. They lead to the formation of new junctions whose length and stability determine the cellular pattern of tissues. Here, we show that during\u00a0<em>Drosophila<\/em>\u00a0wing development the loss of the tumor suppressor PTEN disrupts cell rearrangements by preventing the lengthening of newly formed junctions that become unstable and keep on rearranging. We demonstrate that the failure to lengthen and to stabilize is caused by the lack of a decrease of Myosin II and Rho-kinase concentration at the newly formed junctions. This defect results in a heterogeneous cortical contractility at cell junctions that disrupts regular hexagonal pattern formation. By identifying PTEN as a specific regulator of junction lengthening and stability, our results uncover how a homogenous distribution of cortical contractility along the cell cortex is restored during cell rearrangement to control the formation of epithelial cellular pattern.Picture (right): <em>Drosophila<\/em> wing ephithelium. The tumor suppressor PTEN was disrupted in cells inside the white contour. Such mutant cells rearrange into chocolate bars (cobblestone &#8211;\u00a0orange contours) or rosettes (yellow contours). During this internship, I probed the tension of cellular junctions in wild type cells (outside the white contour) and PTEN mutant cells and established that there is no difference of tension in PTEN mutant cells and wild type cells.<\/td>\n<td style=\"text-align: justify; width: 780px;\"><a href=\"http:\/\/camillepaoletti.org\/wp-content\/uploads\/2014\/02\/PTEN.png\"><img loading=\"lazy\" class=\"alignnone size-full wp-image-401\" alt=\"PTEN\" src=\"http:\/\/camillepaoletti.org\/wp-content\/uploads\/2014\/02\/PTEN.png\" width=\"739\" height=\"490\" srcset=\"http:\/\/camillepaoletti.org\/wp-content\/uploads\/2014\/02\/PTEN.png 739w, http:\/\/camillepaoletti.org\/wp-content\/uploads\/2014\/02\/PTEN-300x198.png 300w\" sizes=\"(max-width: 739px) 100vw, 739px\" \/><\/a><\/td>\n<td style=\"text-align: justify; width: 400px;\"><strong>Biomim\u00e9tisme des diatom\u00e9s<\/strong><\/p>\n<p>Sous la direction de Christian Grillet,\u00a0<a href=\"http:\/\/www.cudos.org.au\/\">CUDOS<\/a>, Universit\u00e9 de Sydney, Australie \/\/ Mai-Juillet 2010<\/p>\n<p>Les diatom\u00e9s sont des algues dont les coquilles de verre peuvent pr\u00e9senter des structures p\u00e9riodiques. Ainsi, elles pourraient th\u00e9oriquement se comporter comme des cristaux photoniques. Le but de ce stage \u00e9tait de d\u00e9velopper des outils afin de caract\u00e9riser les nano-structures des diatom\u00e9s, de mesurer leurs propri\u00e9t\u00e9s photoniques, et de comparer ces r\u00e9sultats exp\u00e9rimentaux avec les pr\u00e9dictions th\u00e9oriques et simul\u00e9es. Pour cette \u00e9tude, nous avons choisi l&rsquo;esp\u00e8ce\u00a0<em>Coscinodiscus walesii<\/em>. J&rsquo;ai pu caract\u00e9riser la structure de ce diatom\u00e9 en analysant des images de microscopie optique et \u00e9lectronique. J&rsquo;ai \u00e9galement simul\u00e9 leur comportement \u00e0 l&rsquo;aide du logiciel RSoft et obtenu une strucure de bandes caract\u00e9ristique d&rsquo;un r\u00e9seau p\u00e9riodique. Pour finir, j&rsquo;ai mis en place deux montages exp\u00e9rimentaux permettant de mesurer les propri\u00e9t\u00e9s photoniques des diatom\u00e9s. Le premier bas\u00e9 sur fibre optique en fuseau pour mesurer le couplage evanescent. En accord avec les simulations, aucun couplage n&rsquo;a \u00e9t\u00e9 observ\u00e9. Le second bas\u00e9 sur un laser \u00e0 incidence normale dans le but d&rsquo;observer dans quelle mesure les diatom\u00e9s se comportaient comme des micro-lentilles.<\/p>\n<p>Image (droite): Diatom\u00e9\u00a0<em>Coscinodiscus walesii<\/em>\u00a0observ\u00e9 au microscope. Gr\u00e2ce \u00e0 son r\u00e9seau hexagonal de trous de silice, cette algue marine se comporte comme une micro-lentille !<\/td>\n<td style=\"text-align: justify; width: 490px;\">\u00a0<a href=\"http:\/\/camillepaoletti.org\/wp-content\/uploads\/2014\/02\/diatom-e1392676523383.png\"><img loading=\"lazy\" class=\"alignnone size-full wp-image-394\" alt=\"diatom\" src=\"http:\/\/camillepaoletti.org\/wp-content\/uploads\/2014\/02\/diatom-e1392676523383.png\" width=\"447\" height=\"400\" srcset=\"http:\/\/camillepaoletti.org\/wp-content\/uploads\/2014\/02\/diatom-e1392676523383.png 447w, http:\/\/camillepaoletti.org\/wp-content\/uploads\/2014\/02\/diatom-e1392676523383-300x268.png 300w\" sizes=\"(max-width: 447px) 100vw, 447px\" \/><\/a><\/td>\n<td style=\"text-align: justify; width: 400px;\"><strong>Mesure du rapport nucl\u00e9o-cytoplasmique par microscopie de d\u00e9convolution<\/strong><\/p>\n<p>Sous la direction de Gilles Charvin, Biophysique de la cellule unique &#8211;\u00a0<a href=\"http:\/\/www.ens-lyon.eu\/\">ENS Lyon<\/a>, France \/\/ Juin-Juillet 2009<\/p>\n<p>Les m\u00e9canismes sous-jacents au contr\u00f4le de la taille de la cellule de levure et de ses organelles sont tr\u00e8s \u00e9tudi\u00e9s dans le domaine de la biologie cellulaire, mais restent en grande partie inconnus. Cependant, le contr\u00f4le de l&rsquo;\u00e9volution de ces tailles est essentiel pour le bon focntionnement du cycle cellulaire. Au cours de ce stage de deux mois, j&rsquo;ai \u00e9valu\u00e9 le rapport nucl\u00e9o-cytoplasmique (rapport entre le volume du noyau et celui de la cellule) par mesure directe des volumes nucl\u00e9aires et cellulaires. J&rsquo;ai pour cela utilis\u00e9 un algorithme de d\u00e9convolution d\u00e9velopp\u00e9 par mes soins appliqu\u00e9 \u00e0 des images de microscopie de fluorescence en chap large \u00e0 trois dimensions. Ces mesures ont \u00e9t\u00e9 faites sur des cellules uniques, permettant ainsi une analyse time-lapse du cycle cellulaire.<\/p>\n<p>Image (droite): Interface Graphique d\u00e9velopp\u00e9e pour l&rsquo;analyse de Point Spread Function (PSF).<\/td>\n<td style=\"text-align: justify;\">\u00a0<a href=\"http:\/\/camillepaoletti.org\/wp-content\/uploads\/2014\/02\/sliderGUI-e1392670796918.png\"><img loading=\"lazy\" class=\"alignnone size-full wp-image-376\" alt=\"sliderGUI\" src=\"http:\/\/camillepaoletti.org\/wp-content\/uploads\/2014\/02\/sliderGUI-e1392670796918.png\" width=\"964\" height=\"395\" srcset=\"http:\/\/camillepaoletti.org\/wp-content\/uploads\/2014\/02\/sliderGUI-e1392670796918.png 964w, http:\/\/camillepaoletti.org\/wp-content\/uploads\/2014\/02\/sliderGUI-e1392670796918-300x122.png 300w\" sizes=\"(max-width: 964px) 100vw, 964px\" \/><\/a><\/td>\n<td style=\"width: 10px; text-align: justify; height: 400px;\" align=\"left\" valign=\"top\"><\/td>\n<td style=\"text-align: justify; width: 10px;\"><\/td>\n<\/tr>\n<\/tbody>\n<\/table>\n<p><\/p>","protected":false},"excerpt":{"rendered":"<p>D\u00e9veloppement d&rsquo;outils de microfluidique pour \u00e9tudier les m\u00e9canismes de vieillissement chez la levure Sous la direction de Gilles Charvin, Biophysique de la cellule unique &#8211;\u00a0IGBMC, Strasbourg, France \/\/ Avril-Ao\u00fbt 2011 Les cellules de levure du boulanger se divisent asym\u00e9triquement. On peut donc identifier une m\u00e8re de sa fille nouvellement form\u00e9e, cette derni\u00e8re \u00e9tant plus petite. [&hellip;]<\/p>\n","protected":false},"author":1,"featured_media":0,"parent":0,"menu_order":0,"comment_status":"open","ping_status":"open","template":"","meta":[],"_links":{"self":[{"href":"http:\/\/camillepaoletti.org\/fr\/wp-json\/wp\/v2\/pages\/144"}],"collection":[{"href":"http:\/\/camillepaoletti.org\/fr\/wp-json\/wp\/v2\/pages"}],"about":[{"href":"http:\/\/camillepaoletti.org\/fr\/wp-json\/wp\/v2\/types\/page"}],"author":[{"embeddable":true,"href":"http:\/\/camillepaoletti.org\/fr\/wp-json\/wp\/v2\/users\/1"}],"replies":[{"embeddable":true,"href":"http:\/\/camillepaoletti.org\/fr\/wp-json\/wp\/v2\/comments?post=144"}],"version-history":[{"count":2,"href":"http:\/\/camillepaoletti.org\/fr\/wp-json\/wp\/v2\/pages\/144\/revisions"}],"predecessor-version":[{"id":585,"href":"http:\/\/camillepaoletti.org\/fr\/wp-json\/wp\/v2\/pages\/144\/revisions\/585"}],"wp:attachment":[{"href":"http:\/\/camillepaoletti.org\/fr\/wp-json\/wp\/v2\/media?parent=144"}],"curies":[{"name":"wp","href":"https:\/\/api.w.org\/{rel}","templated":true}]}}