{"id":142,"date":"2014-02-08T09:44:09","date_gmt":"2014-02-08T09:44:09","guid":{"rendered":"http:\/\/perso.ens-lyon.fr\/camille.paoletti\/?page_id=142"},"modified":"2015-10-05T11:53:55","modified_gmt":"2015-10-05T09:53:55","slug":"talks","status":"publish","type":"page","link":"http:\/\/camillepaoletti.org\/fr\/talks\/","title":{"rendered":"Expos\u00e9s"},"content":{"rendered":"<p><br \/>\n<strong>M\u00e9canismes de s\u00e9gr\u00e9gation asym\u00e9trique des agr\u00e9gats prot\u00e9iques li\u00e9s \u00e0 Hsp104 chez la levure du boulanger<\/strong>, <em>12 Sep 2014<\/em>, soutenance de th\u00e8se \u2013 IGBMC, Illkirch-Graffenstaden, France<\/p>\n<p><strong><a href=\"http:\/\/camillepaoletti.org\/european-bioethics-forum\/fr\">Grand t\u00e9moin au cours des d\u00e9bats intitul\u00e9s<\/a>: \u201cComment pr\u00e9dire la d\u00e9linquance?\u201d et \u201cCrimes et r\u00e9cidives\u201d<\/strong>, <em>Jan 2014<\/em>, Forum Europ\u00e9en de Bio\u00e9thique \u2013 Strasbourg, France<\/p>\n<p><strong>M\u00e9canismes de s\u00e9gr\u00e9gation asym\u00e9trique des agr\u00e9gats prot\u00e9iques d&rsquo;Hsp104 chez la levure du boulanger<\/strong>,\u00a0<em>2 Sep 2013<\/em>, Yeast 2013 &#8211;\u00a0Universit\u00e9 de Frankfort, Allemagne<\/p>\n<p><strong>Ablations laser dans l&rsquo;aile de pupe de\u00a0<em>Drosophila<\/em><\/strong>,\u00a0<em>Sep 2011<\/em>, soutenance de stage exp\u00e9rimental de recherche &#8211; Universit\u00e9 Paris 7, France\u00a0<span style=\"font-size: xx-small;\">(pour en savoir plus, visiter les pages stages et publications)<\/span><\/p>\n<p><strong>Processus de retournement temporel<\/strong>,\u00a0<em>Sep 2010<\/em>,\u00a0soutenance de projet exp\u00e9rimental &#8211; Universit\u00e9 Paris-Sud 11, France,\u00a0<span style=\"font-size: x-small;\">travail en collaboration avec Jordan Monnet\u00a0(pour en savoir plus, visiter la page projets ant\u00e9rieurs)<\/span><\/p>\n<p><strong>Biomim\u00e9tisme des diatom\u00e9s<\/strong>,\u00a0<em>Sep 2010<\/em>, \u00a0soutenance de stage exp\u00e9rimental de recherche &#8211;\u00a0ENS Lyon, France\u00a0\u00a0<span style=\"font-size: x-small;\">(pour en savoir plus, visiter les pages stages et publications)<\/span><\/p>\n<p><strong>D\u00e9mon de Maxwell granulaire<\/strong>,\u00a0<em>Avril 2010<\/em>, \u00a0soutenance de projet exp\u00e9rimental\u00a0&#8211; ENS Lyon, France,<span style=\"font-size: x-small;\">travail en collaboration avec Marie-Julie Dalbe\u00a0(pour en savoir plus, visiter la page projets ant\u00e9rieurs)<\/span><\/p>\n<p><strong>Comment r\u00e9aliser une mayonnaise parfaite ?<\/strong>\u00a0<em>Mars 2010,<\/em><em>\u00a0<\/em>ENS Lyon, France,\u00a0<span style=\"font-size: x-small;\">(pour en savoir plus, visiter la page projets ant\u00e9rieurs)<\/span><\/p>\n<p><strong>Mesure du ratio nucl\u00e9o-cytoplasmique par microscopie de d\u00e9convolution<\/strong>,\u00a0<em>Ao\u00fbt 2009<\/em>, soutenance de stage exp\u00e9rimental de recherche\u00a0&#8211; ENS Lyon, France\u00a0<span style=\"font-size: x-small;\">(pour en savoir plus, visiter la page stages)<\/span><\/p>\n<p><strong>Phyllotaxie<\/strong>,\u00a0<em>Mai 2009<\/em>,\u00a0soutenance de projet de mod\u00e9lisation &#8211; ENS Lyon, France,\u00a0<span style=\"font-size: x-small;\">travail en collaboration avec Catherine Sempere (pour en savoir plus, visiter la page projets ant\u00e9rieurs)<\/span><\/p>\n<p><strong>Fontaine \u00e0 oscillations spontan\u00e9es<\/strong>,\u00a0<em>Mai 2009,\u00a0<\/em>soutenance de \u00a0projet exp\u00e9rimental &#8211; ENS Lyon, France,\u00a0<span style=\"font-size: x-small;\">travail en collaboration avec Catherine Sempere (pour en savoir plus, visiter la page projets ant\u00e9rieurs)<\/span><br \/>\n<\/p>","protected":false},"excerpt":{"rendered":"<p>M\u00e9canismes de s\u00e9gr\u00e9gation asym\u00e9trique des agr\u00e9gats prot\u00e9iques li\u00e9s \u00e0 Hsp104 chez la levure du boulanger, 12 Sep 2014, soutenance de th\u00e8se \u2013 IGBMC, Illkirch-Graffenstaden, France Grand t\u00e9moin au cours des d\u00e9bats intitul\u00e9s: \u201cComment pr\u00e9dire la d\u00e9linquance?\u201d et \u201cCrimes et r\u00e9cidives\u201d, Jan 2014, Forum Europ\u00e9en de Bio\u00e9thique \u2013 Strasbourg, France M\u00e9canismes de s\u00e9gr\u00e9gation asym\u00e9trique des agr\u00e9gats [&hellip;]<\/p>\n","protected":false},"author":1,"featured_media":0,"parent":0,"menu_order":0,"comment_status":"open","ping_status":"open","template":"","meta":[],"_links":{"self":[{"href":"http:\/\/camillepaoletti.org\/fr\/wp-json\/wp\/v2\/pages\/142"}],"collection":[{"href":"http:\/\/camillepaoletti.org\/fr\/wp-json\/wp\/v2\/pages"}],"about":[{"href":"http:\/\/camillepaoletti.org\/fr\/wp-json\/wp\/v2\/types\/page"}],"author":[{"embeddable":true,"href":"http:\/\/camillepaoletti.org\/fr\/wp-json\/wp\/v2\/users\/1"}],"replies":[{"embeddable":true,"href":"http:\/\/camillepaoletti.org\/fr\/wp-json\/wp\/v2\/comments?post=142"}],"version-history":[{"count":10,"href":"http:\/\/camillepaoletti.org\/fr\/wp-json\/wp\/v2\/pages\/142\/revisions"}],"predecessor-version":[{"id":795,"href":"http:\/\/camillepaoletti.org\/fr\/wp-json\/wp\/v2\/pages\/142\/revisions\/795"}],"wp:attachment":[{"href":"http:\/\/camillepaoletti.org\/fr\/wp-json\/wp\/v2\/media?parent=142"}],"curies":[{"name":"wp","href":"https:\/\/api.w.org\/{rel}","templated":true}]}}