{"id":140,"date":"2014-02-08T09:42:28","date_gmt":"2014-02-08T09:42:28","guid":{"rendered":"http:\/\/perso.ens-lyon.fr\/camille.paoletti\/?page_id=140"},"modified":"2016-02-21T19:54:22","modified_gmt":"2016-02-21T18:54:22","slug":"teaching","status":"publish","type":"page","link":"http:\/\/camillepaoletti.org\/fr\/teaching\/","title":{"rendered":"Enseignements"},"content":{"rendered":"<p><\/p>\n<p style=\"text-align: justify;\"><strong>Tutorat d&rsquo;\u00e9l\u00e8ves de coll\u00e8ge et lyc\u00e9e\u00a0<\/strong>en math\u00e9matiques, physique, chimie, fran\u00e7ais et biologie, Bath &#8211;\u00a0 Royaume-uni, <em>2015-pr\u00e9sent<\/em><\/p>\n<p style=\"text-align: justify;\"><strong>Animation d&rsquo;activit\u00e9s scientifiques<\/strong>\u00a0\u00e0 l&rsquo;\u00e9cole \u00e9l\u00e9mentaire du Centre, Illkirch Graffenstaden &#8211; France,\u00a0<em>Avr-Juin 2013<\/em>, D\u00e9veloppement et animation d&rsquo;activit\u00e9s sur le th\u00e8me de l&rsquo;\u00e9lectricit\u00e9 avec un professeur des \u00e9coles &#8211; classe de CM1-CM2 bilingue<\/p>\n<p style=\"text-align: justify;\"><strong>Travaux Pratiques de Physique<\/strong>\u00a0de licence (premi\u00e8re ann\u00e9e), Universit\u00e9 de Strasbourg &#8211; France,\u00a0<em>Jan-Juin 2013<\/em><\/p>\n<p style=\"text-align: justify;\"><strong>Charg\u00e9e du tutorat de Physique Statistique<\/strong>\u00a0de licence (troisi\u00e8me ann\u00e9e), Universit\u00e9 de Strasbourg &#8211; France,\u00a0<em>Sep-D\u00e9c 2012<\/em><\/p>\n<p style=\"text-align: justify;\"><strong>Interrogateur en BCPST2 (physique-chimie)<\/strong>,<strong>\u00a0<\/strong>Lyc\u00e9e Jean Rostand, Strasbourg &#8211; France,\u00a0<em>Sep 2011-Juin 2012<\/em><\/p>\n<p style=\"text-align: justify;\"><strong>Tutorat d&rsquo;\u00e9l\u00e8ves de coll\u00e8ge et lyc\u00e9e\u00a0<\/strong>en math\u00e9matiques, physique, chimie, fran\u00e7ais, histoire et biologie, r\u00e9gions parisienne et lyonnaise &#8211; \u00a0France,\u00a0<em>2006-2010<\/em><\/p>\n<p><\/p>","protected":false},"excerpt":{"rendered":"<p>Tutorat d&rsquo;\u00e9l\u00e8ves de coll\u00e8ge et lyc\u00e9e\u00a0en math\u00e9matiques, physique, chimie, fran\u00e7ais et biologie, Bath &#8211;\u00a0 Royaume-uni, 2015-pr\u00e9sent Animation d&rsquo;activit\u00e9s scientifiques\u00a0\u00e0 l&rsquo;\u00e9cole \u00e9l\u00e9mentaire du Centre, Illkirch Graffenstaden &#8211; France,\u00a0Avr-Juin 2013, D\u00e9veloppement et animation d&rsquo;activit\u00e9s sur le th\u00e8me de l&rsquo;\u00e9lectricit\u00e9 avec un professeur des \u00e9coles &#8211; classe de CM1-CM2 bilingue Travaux Pratiques de Physique\u00a0de licence (premi\u00e8re ann\u00e9e), Universit\u00e9 [&hellip;]<\/p>\n","protected":false},"author":1,"featured_media":0,"parent":0,"menu_order":0,"comment_status":"open","ping_status":"open","template":"","meta":[],"_links":{"self":[{"href":"http:\/\/camillepaoletti.org\/fr\/wp-json\/wp\/v2\/pages\/140"}],"collection":[{"href":"http:\/\/camillepaoletti.org\/fr\/wp-json\/wp\/v2\/pages"}],"about":[{"href":"http:\/\/camillepaoletti.org\/fr\/wp-json\/wp\/v2\/types\/page"}],"author":[{"embeddable":true,"href":"http:\/\/camillepaoletti.org\/fr\/wp-json\/wp\/v2\/users\/1"}],"replies":[{"embeddable":true,"href":"http:\/\/camillepaoletti.org\/fr\/wp-json\/wp\/v2\/comments?post=140"}],"version-history":[{"count":6,"href":"http:\/\/camillepaoletti.org\/fr\/wp-json\/wp\/v2\/pages\/140\/revisions"}],"predecessor-version":[{"id":879,"href":"http:\/\/camillepaoletti.org\/fr\/wp-json\/wp\/v2\/pages\/140\/revisions\/879"}],"wp:attachment":[{"href":"http:\/\/camillepaoletti.org\/fr\/wp-json\/wp\/v2\/media?parent=140"}],"curies":[{"name":"wp","href":"https:\/\/api.w.org\/{rel}","templated":true}]}}