{"id":134,"date":"2014-02-08T09:11:55","date_gmt":"2014-02-08T09:11:55","guid":{"rendered":"http:\/\/perso.ens-lyon.fr\/camille.paoletti\/?page_id=134"},"modified":"2014-08-11T14:41:58","modified_gmt":"2014-08-11T12:41:58","slug":"european-bioethics-forum","status":"publish","type":"page","link":"http:\/\/camillepaoletti.org\/fr\/european-bioethics-forum\/","title":{"rendered":"Forum Europ\u00e9en de Bio\u00e9thique"},"content":{"rendered":"<p><\/p>\n<p style=\"text-align: justify;\">Du 27 janvier au 1er f\u00e9vrier 2014 se d\u00e9roulait \u00e0 Strasbourg la 4\u00e8me \u00e9dition du\u00a0<strong><a href=\"http:\/\/www.forumeuropeendebioethique.eu\/\">forum europ\u00e9en de bio\u00e9thique<\/a><\/strong>, rencontre annuelle entre experts et grand public. Il s&rsquo;int\u00e9ressait cette ann\u00e9e \u00e0 la connaissance du cerveau et la ma\u00eetrise des comportements. Pas moins de 100 experts ont particip\u00e9 \u00e0 35 rencontres et abord\u00e9 des th\u00e8mes aussi divers que l&rsquo;imagerie du cerveau, la possibilit\u00e9 de gu\u00e9rir par l\u2019esprit, le\u00a0d\u00e9clin cognitif et \u00a0les d\u00e9mences, les m\u00e9canismes des addictions, la manipulations des masses, le neuromarketting&#8230; Outre le fait d&rsquo;assister aux diff\u00e9rentes rencontres, j&rsquo;ai eu la chance d&rsquo;\u00eatre invit\u00e9e \u00e0 intervenir \u00e0 deux d&rsquo;entre elles en tant que\u00a0<a href=\"http:\/\/www.unistra.fr\/index.php?id=19769&amp;tx_ttnews%5Btt_news%5D=8713&amp;cHash=20950abeec8871e02e6a0b94f3895843\">grand t\u00e9moin<\/a>. Les vid\u00e9os sont par ici :<\/p>\n<p><iframe loading=\"lazy\" src=\"\/\/www.youtube.com\/embed\/wFN6YNjheFw\" width=\"425\" height=\"350\"><\/iframe><\/p>\n<p><iframe loading=\"lazy\" src=\"http:\/\/www.youtube.com\/embed\/uULAWO6fj48\" width=\"425\" height=\"350\" frameborder=\"0\"><\/iframe><\/p>\n<p><\/p>","protected":false},"excerpt":{"rendered":"<p>Du 27 janvier au 1er f\u00e9vrier 2014 se d\u00e9roulait \u00e0 Strasbourg la 4\u00e8me \u00e9dition du\u00a0forum europ\u00e9en de bio\u00e9thique, rencontre annuelle entre experts et grand public. Il s&rsquo;int\u00e9ressait cette ann\u00e9e \u00e0 la connaissance du cerveau et la ma\u00eetrise des comportements. Pas moins de 100 experts ont particip\u00e9 \u00e0 35 rencontres et abord\u00e9 des th\u00e8mes aussi divers [&hellip;]<\/p>\n","protected":false},"author":1,"featured_media":0,"parent":0,"menu_order":0,"comment_status":"open","ping_status":"open","template":"","meta":[],"_links":{"self":[{"href":"http:\/\/camillepaoletti.org\/fr\/wp-json\/wp\/v2\/pages\/134"}],"collection":[{"href":"http:\/\/camillepaoletti.org\/fr\/wp-json\/wp\/v2\/pages"}],"about":[{"href":"http:\/\/camillepaoletti.org\/fr\/wp-json\/wp\/v2\/types\/page"}],"author":[{"embeddable":true,"href":"http:\/\/camillepaoletti.org\/fr\/wp-json\/wp\/v2\/users\/1"}],"replies":[{"embeddable":true,"href":"http:\/\/camillepaoletti.org\/fr\/wp-json\/wp\/v2\/comments?post=134"}],"version-history":[{"count":4,"href":"http:\/\/camillepaoletti.org\/fr\/wp-json\/wp\/v2\/pages\/134\/revisions"}],"predecessor-version":[{"id":620,"href":"http:\/\/camillepaoletti.org\/fr\/wp-json\/wp\/v2\/pages\/134\/revisions\/620"}],"wp:attachment":[{"href":"http:\/\/camillepaoletti.org\/fr\/wp-json\/wp\/v2\/media?parent=134"}],"curies":[{"name":"wp","href":"https:\/\/api.w.org\/{rel}","templated":true}]}}