{"id":131,"date":"2014-02-08T08:41:21","date_gmt":"2014-02-08T08:41:21","guid":{"rendered":"http:\/\/perso.ens-lyon.fr\/camille.paoletti\/?page_id=131"},"modified":"2016-07-21T21:16:58","modified_gmt":"2016-07-21T19:16:58","slug":"publications","status":"publish","type":"page","link":"http:\/\/camillepaoletti.org\/fr\/publications\/","title":{"rendered":"Publications"},"content":{"rendered":"<p><\/p>\n<p style=\"text-align: justify;\">Camille Paoletti, Sophie Quintin, Audrey Matifas and Gilles Charvin<br \/>\n<a href=\"http:\/\/www.cell.com\/biophysj\/abstract\/S0006-3495(16)30035-2?cc=y=\"><strong>Kinetics of Formation and Asymmetrical Distribution of Hsp104-Bound Protein Aggregates in Yeast<\/strong><\/a><br \/>\n<em>Biophysical Journal<\/em>, Volume 110, Issue 7, 12 April 2016, Pages 1605-1614<\/p>\n<p style=\"text-align: justify;\">Zhou Xu, Emilie Fallet, Camille Paoletti, Steffen Fehrmann, Gilles Charvin and Maria Teresa Teixeira<br \/>\n<a href=\"http:\/\/www.nature.com\/ncomms\/2015\/150709\/ncomms8680\/full\/ncomms8680.html?message-global=remove&#038;WT.ec_id=NCOMMS-20150715&#038;spMailingID=49102925&#038;spUserID=ODkwMTM2NjQyNgS2&#038;spJobID=721894001&#038;spReportId=NzIxODk0MDAxS0\"><strong>Two routes to senescence revealed by real-time analysis of telomerase-negative single lineages<\/strong><\/a><br \/>\n<em>Nature Communications<\/em>, Volume 6, 09 July 2015, Pages 7680:1-10<\/p>\n<p style=\"text-align: justify;\">Camille Paoletti<br \/>\n<strong>M\u00e9canismes de s\u00e9gr\u00e9gation asym\u00e9trique des agr\u00e9gats prot\u00e9iques li\u00e9s \u00e0 Hsp104 chez <em>Saccharomyces cerevisiae<\/em><\/strong><br \/>\n<em>Th\u00e8se de doctorat<\/em>, 12 D\u00e9cembre 2014<\/p>\n<p style=\"text-align: justify;\">Steffen Fehrmann, Camille Paoletti, Youlian Goulev, Andrei Ungureanu, Hugo Aguilaniu and Gilles Charvin<br \/>\n<a href=\"http:\/\/www.sciencedirect.com\/science\/article\/pii\/S2211124713006803\"><strong>Aging Yeast Cells Undergo a Sharp Entry into Senescence Unrelated to the Loss of Mitochondrial Membrane Potential<\/strong><\/a><br \/>\n<em>Cell Reports<\/em>, Volume 5, Issue 6, 26 December 2013, Pages 1589\u20131599<\/p>\n<p style=\"text-align: justify;\">Camille Paoletti &amp; Gilles Charvin<br \/>\n<strong>Mechanism of asymmetrical segregation of Hsp104-bounded protein aggregates in budding yeast<\/strong><br \/>\n<i>Yeast,<\/i> Volume 30, September 2013, Pages 94-94<\/p>\n<p style=\"text-align: justify;\">Gilles Charvin, Steffen Fehrmann, Camille Paoletti, Youlian Goulev, Andrei Ungureanu and Hugo Aguilaniu<br \/>\n<strong>Single cell dynamics of the transition to replicative senescence<\/strong><br \/>\n<i>Yeast,<\/i> Volume 30, September 2013, Pages  28-28<\/p>\n<p style=\"text-align: justify;\">Pierre-Luc Bardet, Boris Guirao, Camille Paoletti, Fanny Serman, Valentine L\u00e9opold, Floris Bosveld, Y\u00fbki Goya, Vincent Mirouse, Fran\u00e7ois Graner and Yohanns Bella\u00efche<br \/>\n<a href=\"http:\/\/www.sciencedirect.com\/science\/article\/pii\/S1534580713002499\"><strong>PTEN Controls Junction Lengthening and Stability during Cell Rearrangement in Epithelial Tissue<\/strong><\/a><br \/>\n<em>Developmental Cell<\/em>, Volume 25, Issue 5, 10 June 2013, Pages 534\u2013546<\/p>\n<p style=\"text-align: justify;\">Halina Anton, Sebastien Harlepp, Caroline Ramspacher, Dave Wu, Fabien Monduc, Sandeep Bhat, Michael Liebling, Camille Paoletti, Gilles Charvin, Jonathan B. Freund and Julien Vermot<br \/>\n<a href=\"http:\/\/dev.biologists.org\/content\/140\/21\/4426.short\"><strong>Pulse propagation by a capacitive mechanism drives embryonic blood flow<\/strong><\/a><br \/>\n<em>Development<\/em>, Volume 140, 1 November 2013,  Pages 4426-4434<\/p>\n<p style=\"text-align: justify;\">Shih-Hsin Hsu, Camille Paoletti, Moacir Torres, Raymond J. Ritchie, Anthony W. D. Larkum and Christian Grillet<br \/>\n<strong><a href=\"http:\/\/proceedings.spiedigitallibrary.org\/proceeding.aspx?articleid=1312333\">Light transmission of the marine diatom Coscinodiscus wailesii<\/a><\/strong><br \/>\n<em>SPIE Proceedings<\/em>, Volume 8339, Optics\/Photonics II, 11 March 11 2012<\/p>\n<p><\/p>","protected":false},"excerpt":{"rendered":"<p>Camille Paoletti, Sophie Quintin, Audrey Matifas and Gilles Charvin Kinetics of Formation and Asymmetrical Distribution of Hsp104-Bound Protein Aggregates in Yeast Biophysical Journal, Volume 110, Issue 7, 12 April 2016, Pages 1605-1614 Zhou Xu, Emilie Fallet, Camille Paoletti, Steffen Fehrmann, Gilles Charvin and Maria Teresa Teixeira Two routes to senescence revealed by real-time analysis of [&hellip;]<\/p>\n","protected":false},"author":1,"featured_media":0,"parent":0,"menu_order":0,"comment_status":"open","ping_status":"open","template":"","meta":[],"_links":{"self":[{"href":"http:\/\/camillepaoletti.org\/fr\/wp-json\/wp\/v2\/pages\/131"}],"collection":[{"href":"http:\/\/camillepaoletti.org\/fr\/wp-json\/wp\/v2\/pages"}],"about":[{"href":"http:\/\/camillepaoletti.org\/fr\/wp-json\/wp\/v2\/types\/page"}],"author":[{"embeddable":true,"href":"http:\/\/camillepaoletti.org\/fr\/wp-json\/wp\/v2\/users\/1"}],"replies":[{"embeddable":true,"href":"http:\/\/camillepaoletti.org\/fr\/wp-json\/wp\/v2\/comments?post=131"}],"version-history":[{"count":22,"href":"http:\/\/camillepaoletti.org\/fr\/wp-json\/wp\/v2\/pages\/131\/revisions"}],"predecessor-version":[{"id":950,"href":"http:\/\/camillepaoletti.org\/fr\/wp-json\/wp\/v2\/pages\/131\/revisions\/950"}],"wp:attachment":[{"href":"http:\/\/camillepaoletti.org\/fr\/wp-json\/wp\/v2\/media?parent=131"}],"curies":[{"name":"wp","href":"https:\/\/api.w.org\/{rel}","templated":true}]}}